{"id":3238,"date":"2026-04-22T14:35:03","date_gmt":"2026-04-22T14:35:03","guid":{"rendered":"https:\/\/aradiovi.hu\/?page_id=3238"},"modified":"2026-04-22T14:35:04","modified_gmt":"2026-04-22T14:35:04","slug":"nemzeti-faultetes-napja","status":"publish","type":"page","link":"https:\/\/aradiovi.hu\/?page_id=3238","title":{"rendered":"Nemzeti fa\u00fcltet\u00e9s napja"},"content":{"rendered":"\n<p>Egy csodasz\u00e9p v\u00f6r\u00f6s k\u0151risf\u00e1t kapott \u00f3vod\u00e1nk aj\u00e1nd\u00e9kba \u00dajpest \u00d6nkorm\u00e1nyzat\u00e1t\u00f3l e jeles nap alkalm\u00e1b\u00f3l. A gyerekek \u00e9lvezettel k\u00f6vett\u00e9k v\u00e9gig a fa\u00fcltet\u00e9s folyamat\u00e1t, melyet a fagondoz\u00f3 fiatalember nagy r\u00e9szletess\u00e9ggel \u00e9s szuper ovis nyelvre ford\u00edtva &#8222;t\u00e1lalt&#8221;. K\u00f6sz\u00f6nj\u00fck az \u00d6nkorm\u00e1nyzatnak \u00e9s a V\u00e1rosgondnoks\u00e1g munkat\u00e1rsainak!<\/p>\n\n\n\n<p><\/p>\n\n\n\n\n\n<figure class=\"wp-block-gallery has-nested-images columns-default is-cropped wp-block-gallery-1 is-layout-flex wp-block-gallery-is-layout-flex\">\n\n\n<figure class=\"wp-block-image size-large\"><img loading=\"lazy\" decoding=\"async\" width=\"768\" height=\"1024\" data-id=\"3257\" src=\"https:\/\/aradiovi.hu\/wp-content\/uploads\/2026\/04\/1649ce62-7ceb-4132-8f59-34c2156feaea-768x1024.jpg\" alt=\"\" class=\"wp-image-3257\" srcset=\"https:\/\/aradiovi.hu\/wp-content\/uploads\/2026\/04\/1649ce62-7ceb-4132-8f59-34c2156feaea-768x1024.jpg 768w, https:\/\/aradiovi.hu\/wp-content\/uploads\/2026\/04\/1649ce62-7ceb-4132-8f59-34c2156feaea-225x300.jpg 225w, https:\/\/aradiovi.hu\/wp-content\/uploads\/2026\/04\/1649ce62-7ceb-4132-8f59-34c2156feaea-1152x1536.jpg 1152w, https:\/\/aradiovi.hu\/wp-content\/uploads\/2026\/04\/1649ce62-7ceb-4132-8f59-34c2156feaea.jpg 1536w\" sizes=\"auto, (max-width: 768px) 100vw, 768px\" \/><\/figure>\n\n\n\n<figure class=\"wp-block-image size-large\"><img loading=\"lazy\" decoding=\"async\" width=\"768\" height=\"1024\" data-id=\"3256\" src=\"https:\/\/aradiovi.hu\/wp-content\/uploads\/2026\/04\/50c09b83-4d79-4050-b543-95ecbc8e8c9f-768x1024.jpg\" alt=\"\" class=\"wp-image-3256\" srcset=\"https:\/\/aradiovi.hu\/wp-content\/uploads\/2026\/04\/50c09b83-4d79-4050-b543-95ecbc8e8c9f-768x1024.jpg 768w, https:\/\/aradiovi.hu\/wp-content\/uploads\/2026\/04\/50c09b83-4d79-4050-b543-95ecbc8e8c9f-225x300.jpg 225w, https:\/\/aradiovi.hu\/wp-content\/uploads\/2026\/04\/50c09b83-4d79-4050-b543-95ecbc8e8c9f-1152x1536.jpg 1152w, https:\/\/aradiovi.hu\/wp-content\/uploads\/2026\/04\/50c09b83-4d79-4050-b543-95ecbc8e8c9f.jpg 1536w\" sizes=\"auto, (max-width: 768px) 100vw, 768px\" \/><\/figure>\n\n\n\n<figure class=\"wp-block-image size-large\"><img loading=\"lazy\" decoding=\"async\" width=\"768\" height=\"1024\" data-id=\"3261\" src=\"https:\/\/aradiovi.hu\/wp-content\/uploads\/2026\/04\/a387e2fb-98c1-4713-82a3-522186c6cb72-768x1024.jpg\" alt=\"\" class=\"wp-image-3261\" srcset=\"https:\/\/aradiovi.hu\/wp-content\/uploads\/2026\/04\/a387e2fb-98c1-4713-82a3-522186c6cb72-768x1024.jpg 768w, https:\/\/aradiovi.hu\/wp-content\/uploads\/2026\/04\/a387e2fb-98c1-4713-82a3-522186c6cb72-225x300.jpg 225w, https:\/\/aradiovi.hu\/wp-content\/uploads\/2026\/04\/a387e2fb-98c1-4713-82a3-522186c6cb72-1152x1536.jpg 1152w, https:\/\/aradiovi.hu\/wp-content\/uploads\/2026\/04\/a387e2fb-98c1-4713-82a3-522186c6cb72.jpg 1536w\" sizes=\"auto, (max-width: 768px) 100vw, 768px\" \/><\/figure>\n\n\n\n<figure class=\"wp-block-image size-large\"><img loading=\"lazy\" decoding=\"async\" width=\"768\" height=\"1024\" data-id=\"3243\" src=\"https:\/\/aradiovi.hu\/wp-content\/uploads\/2026\/04\/5ce527a6-149b-41ee-ba61-ab3ef7300c77-768x1024.jpg\" alt=\"\" class=\"wp-image-3243\" srcset=\"https:\/\/aradiovi.hu\/wp-content\/uploads\/2026\/04\/5ce527a6-149b-41ee-ba61-ab3ef7300c77-768x1024.jpg 768w, https:\/\/aradiovi.hu\/wp-content\/uploads\/2026\/04\/5ce527a6-149b-41ee-ba61-ab3ef7300c77-225x300.jpg 225w, https:\/\/aradiovi.hu\/wp-content\/uploads\/2026\/04\/5ce527a6-149b-41ee-ba61-ab3ef7300c77-1152x1536.jpg 1152w, https:\/\/aradiovi.hu\/wp-content\/uploads\/2026\/04\/5ce527a6-149b-41ee-ba61-ab3ef7300c77.jpg 1536w\" sizes=\"auto, (max-width: 768px) 100vw, 768px\" \/><\/figure>\n\n\n\n<figure class=\"wp-block-image size-large\"><img loading=\"lazy\" decoding=\"async\" width=\"768\" height=\"1024\" data-id=\"3249\" src=\"https:\/\/aradiovi.hu\/wp-content\/uploads\/2026\/04\/98e252b1-9bd0-410f-8f72-dc9dab4118cd-768x1024.jpg\" alt=\"\" class=\"wp-image-3249\" srcset=\"https:\/\/aradiovi.hu\/wp-content\/uploads\/2026\/04\/98e252b1-9bd0-410f-8f72-dc9dab4118cd-768x1024.jpg 768w, https:\/\/aradiovi.hu\/wp-content\/uploads\/2026\/04\/98e252b1-9bd0-410f-8f72-dc9dab4118cd-225x300.jpg 225w, https:\/\/aradiovi.hu\/wp-content\/uploads\/2026\/04\/98e252b1-9bd0-410f-8f72-dc9dab4118cd-1152x1536.jpg 1152w, https:\/\/aradiovi.hu\/wp-content\/uploads\/2026\/04\/98e252b1-9bd0-410f-8f72-dc9dab4118cd.jpg 1536w\" sizes=\"auto, (max-width: 768px) 100vw, 768px\" \/><\/figure>\n\n\n\n<figure class=\"wp-block-image size-large\"><img loading=\"lazy\" decoding=\"async\" width=\"768\" height=\"1024\" data-id=\"3254\" src=\"https:\/\/aradiovi.hu\/wp-content\/uploads\/2026\/04\/1f37cc10-d9ea-4d69-a274-62be08106007-768x1024.jpg\" alt=\"\" class=\"wp-image-3254\" srcset=\"https:\/\/aradiovi.hu\/wp-content\/uploads\/2026\/04\/1f37cc10-d9ea-4d69-a274-62be08106007-768x1024.jpg 768w, https:\/\/aradiovi.hu\/wp-content\/uploads\/2026\/04\/1f37cc10-d9ea-4d69-a274-62be08106007-225x300.jpg 225w, https:\/\/aradiovi.hu\/wp-content\/uploads\/2026\/04\/1f37cc10-d9ea-4d69-a274-62be08106007-1152x1536.jpg 1152w, https:\/\/aradiovi.hu\/wp-content\/uploads\/2026\/04\/1f37cc10-d9ea-4d69-a274-62be08106007.jpg 1536w\" sizes=\"auto, (max-width: 768px) 100vw, 768px\" \/><\/figure>\n\n\n\n<figure class=\"wp-block-image size-large\"><img loading=\"lazy\" decoding=\"async\" width=\"768\" height=\"1024\" data-id=\"3260\" src=\"https:\/\/aradiovi.hu\/wp-content\/uploads\/2026\/04\/31ad4a35-ab50-44b1-9eac-a9a9cbdb195f-768x1024.jpg\" alt=\"\" class=\"wp-image-3260\" srcset=\"https:\/\/aradiovi.hu\/wp-content\/uploads\/2026\/04\/31ad4a35-ab50-44b1-9eac-a9a9cbdb195f-768x1024.jpg 768w, https:\/\/aradiovi.hu\/wp-content\/uploads\/2026\/04\/31ad4a35-ab50-44b1-9eac-a9a9cbdb195f-225x300.jpg 225w, https:\/\/aradiovi.hu\/wp-content\/uploads\/2026\/04\/31ad4a35-ab50-44b1-9eac-a9a9cbdb195f-1152x1536.jpg 1152w, https:\/\/aradiovi.hu\/wp-content\/uploads\/2026\/04\/31ad4a35-ab50-44b1-9eac-a9a9cbdb195f.jpg 1536w\" sizes=\"auto, (max-width: 768px) 100vw, 768px\" \/><\/figure>\n\n\n\n<figure class=\"wp-block-image size-large\"><img loading=\"lazy\" decoding=\"async\" width=\"768\" height=\"1024\" data-id=\"3242\" src=\"https:\/\/aradiovi.hu\/wp-content\/uploads\/2026\/04\/4d63d804-db67-49a7-ac59-8c8915f59cfc-768x1024.jpg\" alt=\"\" class=\"wp-image-3242\" srcset=\"https:\/\/aradiovi.hu\/wp-content\/uploads\/2026\/04\/4d63d804-db67-49a7-ac59-8c8915f59cfc-768x1024.jpg 768w, https:\/\/aradiovi.hu\/wp-content\/uploads\/2026\/04\/4d63d804-db67-49a7-ac59-8c8915f59cfc-225x300.jpg 225w, https:\/\/aradiovi.hu\/wp-content\/uploads\/2026\/04\/4d63d804-db67-49a7-ac59-8c8915f59cfc-1152x1536.jpg 1152w, https:\/\/aradiovi.hu\/wp-content\/uploads\/2026\/04\/4d63d804-db67-49a7-ac59-8c8915f59cfc.jpg 1536w\" sizes=\"auto, (max-width: 768px) 100vw, 768px\" \/><\/figure>\n\n\n\n<figure class=\"wp-block-image size-large\"><img loading=\"lazy\" decoding=\"async\" width=\"768\" height=\"1024\" data-id=\"3241\" src=\"https:\/\/aradiovi.hu\/wp-content\/uploads\/2026\/04\/6038d5e5-afc5-4fbb-b6f5-a357886d3423-768x1024.jpg\" alt=\"\" class=\"wp-image-3241\" srcset=\"https:\/\/aradiovi.hu\/wp-content\/uploads\/2026\/04\/6038d5e5-afc5-4fbb-b6f5-a357886d3423-768x1024.jpg 768w, https:\/\/aradiovi.hu\/wp-content\/uploads\/2026\/04\/6038d5e5-afc5-4fbb-b6f5-a357886d3423-225x300.jpg 225w, https:\/\/aradiovi.hu\/wp-content\/uploads\/2026\/04\/6038d5e5-afc5-4fbb-b6f5-a357886d3423-1152x1536.jpg 1152w, https:\/\/aradiovi.hu\/wp-content\/uploads\/2026\/04\/6038d5e5-afc5-4fbb-b6f5-a357886d3423.jpg 1536w\" sizes=\"auto, (max-width: 768px) 100vw, 768px\" \/><\/figure>\n\n\n\n<figure class=\"wp-block-image size-large\"><img loading=\"lazy\" decoding=\"async\" width=\"768\" height=\"1024\" data-id=\"3245\" src=\"https:\/\/aradiovi.hu\/wp-content\/uploads\/2026\/04\/787a28ca-6159-4d11-881e-611d984881ca-768x1024.jpg\" alt=\"\" class=\"wp-image-3245\" srcset=\"https:\/\/aradiovi.hu\/wp-content\/uploads\/2026\/04\/787a28ca-6159-4d11-881e-611d984881ca-768x1024.jpg 768w, https:\/\/aradiovi.hu\/wp-content\/uploads\/2026\/04\/787a28ca-6159-4d11-881e-611d984881ca-225x300.jpg 225w, https:\/\/aradiovi.hu\/wp-content\/uploads\/2026\/04\/787a28ca-6159-4d11-881e-611d984881ca-1152x1536.jpg 1152w, https:\/\/aradiovi.hu\/wp-content\/uploads\/2026\/04\/787a28ca-6159-4d11-881e-611d984881ca.jpg 1536w\" sizes=\"auto, (max-width: 768px) 100vw, 768px\" \/><\/figure>\n\n\n\n<figure class=\"wp-block-image size-large\"><img loading=\"lazy\" decoding=\"async\" width=\"768\" height=\"1024\" data-id=\"3255\" src=\"https:\/\/aradiovi.hu\/wp-content\/uploads\/2026\/04\/c62117ee-7630-454a-9003-6e2e0d4e2e49-768x1024.jpg\" alt=\"\" class=\"wp-image-3255\" srcset=\"https:\/\/aradiovi.hu\/wp-content\/uploads\/2026\/04\/c62117ee-7630-454a-9003-6e2e0d4e2e49-768x1024.jpg 768w, https:\/\/aradiovi.hu\/wp-content\/uploads\/2026\/04\/c62117ee-7630-454a-9003-6e2e0d4e2e49-225x300.jpg 225w, https:\/\/aradiovi.hu\/wp-content\/uploads\/2026\/04\/c62117ee-7630-454a-9003-6e2e0d4e2e49-1152x1536.jpg 1152w, https:\/\/aradiovi.hu\/wp-content\/uploads\/2026\/04\/c62117ee-7630-454a-9003-6e2e0d4e2e49.jpg 1536w\" sizes=\"auto, (max-width: 768px) 100vw, 768px\" \/><\/figure>\n\n\n\n<figure class=\"wp-block-image size-large\"><img loading=\"lazy\" decoding=\"async\" width=\"768\" height=\"1024\" data-id=\"3239\" src=\"https:\/\/aradiovi.hu\/wp-content\/uploads\/2026\/04\/882e8421-6c93-48c8-801d-eb11fe079b2c-768x1024.jpg\" alt=\"\" class=\"wp-image-3239\" srcset=\"https:\/\/aradiovi.hu\/wp-content\/uploads\/2026\/04\/882e8421-6c93-48c8-801d-eb11fe079b2c-768x1024.jpg 768w, https:\/\/aradiovi.hu\/wp-content\/uploads\/2026\/04\/882e8421-6c93-48c8-801d-eb11fe079b2c-225x300.jpg 225w, https:\/\/aradiovi.hu\/wp-content\/uploads\/2026\/04\/882e8421-6c93-48c8-801d-eb11fe079b2c-1152x1536.jpg 1152w, https:\/\/aradiovi.hu\/wp-content\/uploads\/2026\/04\/882e8421-6c93-48c8-801d-eb11fe079b2c.jpg 1536w\" sizes=\"auto, (max-width: 768px) 100vw, 768px\" \/><\/figure>\n\n\n\n<figure class=\"wp-block-image size-large\"><img loading=\"lazy\" decoding=\"async\" width=\"768\" height=\"1024\" data-id=\"3240\" src=\"https:\/\/aradiovi.hu\/wp-content\/uploads\/2026\/04\/202e468f-42c2-4267-b8e5-c4e7d74ba5e1-768x1024.jpg\" alt=\"\" class=\"wp-image-3240\" srcset=\"https:\/\/aradiovi.hu\/wp-content\/uploads\/2026\/04\/202e468f-42c2-4267-b8e5-c4e7d74ba5e1-768x1024.jpg 768w, https:\/\/aradiovi.hu\/wp-content\/uploads\/2026\/04\/202e468f-42c2-4267-b8e5-c4e7d74ba5e1-225x300.jpg 225w, https:\/\/aradiovi.hu\/wp-content\/uploads\/2026\/04\/202e468f-42c2-4267-b8e5-c4e7d74ba5e1-1152x1536.jpg 1152w, https:\/\/aradiovi.hu\/wp-content\/uploads\/2026\/04\/202e468f-42c2-4267-b8e5-c4e7d74ba5e1.jpg 1536w\" sizes=\"auto, (max-width: 768px) 100vw, 768px\" \/><\/figure>\n\n\n\n<figure class=\"wp-block-image size-large\"><img loading=\"lazy\" decoding=\"async\" width=\"768\" height=\"1024\" data-id=\"3253\" src=\"https:\/\/aradiovi.hu\/wp-content\/uploads\/2026\/04\/7458d994-23fe-4661-a9af-0fe505954264-768x1024.jpg\" alt=\"\" class=\"wp-image-3253\" srcset=\"https:\/\/aradiovi.hu\/wp-content\/uploads\/2026\/04\/7458d994-23fe-4661-a9af-0fe505954264-768x1024.jpg 768w, https:\/\/aradiovi.hu\/wp-content\/uploads\/2026\/04\/7458d994-23fe-4661-a9af-0fe505954264-225x300.jpg 225w, https:\/\/aradiovi.hu\/wp-content\/uploads\/2026\/04\/7458d994-23fe-4661-a9af-0fe505954264-1152x1536.jpg 1152w, https:\/\/aradiovi.hu\/wp-content\/uploads\/2026\/04\/7458d994-23fe-4661-a9af-0fe505954264.jpg 1536w\" sizes=\"auto, (max-width: 768px) 100vw, 768px\" \/><\/figure>\n\n\n\n<figure class=\"wp-block-image size-large\"><img loading=\"lazy\" decoding=\"async\" width=\"768\" height=\"1024\" data-id=\"3251\" src=\"https:\/\/aradiovi.hu\/wp-content\/uploads\/2026\/04\/7a436115-7d68-4f1c-9958-2b5adb66a57d-768x1024.jpg\" alt=\"\" class=\"wp-image-3251\" srcset=\"https:\/\/aradiovi.hu\/wp-content\/uploads\/2026\/04\/7a436115-7d68-4f1c-9958-2b5adb66a57d-768x1024.jpg 768w, https:\/\/aradiovi.hu\/wp-content\/uploads\/2026\/04\/7a436115-7d68-4f1c-9958-2b5adb66a57d-225x300.jpg 225w, https:\/\/aradiovi.hu\/wp-content\/uploads\/2026\/04\/7a436115-7d68-4f1c-9958-2b5adb66a57d-1152x1536.jpg 1152w, https:\/\/aradiovi.hu\/wp-content\/uploads\/2026\/04\/7a436115-7d68-4f1c-9958-2b5adb66a57d.jpg 1536w\" sizes=\"auto, (max-width: 768px) 100vw, 768px\" \/><\/figure>\n\n\n\n<figure class=\"wp-block-image size-large\"><img loading=\"lazy\" decoding=\"async\" width=\"768\" height=\"1024\" data-id=\"3252\" src=\"https:\/\/aradiovi.hu\/wp-content\/uploads\/2026\/04\/6bec2fbe-4d76-45cc-8a16-b404327a7a7e-768x1024.jpg\" alt=\"\" class=\"wp-image-3252\" srcset=\"https:\/\/aradiovi.hu\/wp-content\/uploads\/2026\/04\/6bec2fbe-4d76-45cc-8a16-b404327a7a7e-768x1024.jpg 768w, https:\/\/aradiovi.hu\/wp-content\/uploads\/2026\/04\/6bec2fbe-4d76-45cc-8a16-b404327a7a7e-225x300.jpg 225w, https:\/\/aradiovi.hu\/wp-content\/uploads\/2026\/04\/6bec2fbe-4d76-45cc-8a16-b404327a7a7e-1152x1536.jpg 1152w, https:\/\/aradiovi.hu\/wp-content\/uploads\/2026\/04\/6bec2fbe-4d76-45cc-8a16-b404327a7a7e.jpg 1536w\" sizes=\"auto, (max-width: 768px) 100vw, 768px\" \/><\/figure>\n\n\n\n<figure class=\"wp-block-image size-large\"><img loading=\"lazy\" decoding=\"async\" width=\"768\" height=\"1024\" data-id=\"3247\" src=\"https:\/\/aradiovi.hu\/wp-content\/uploads\/2026\/04\/51c18409-0fa2-4a79-9972-4de6b1bc9f2e-768x1024.jpg\" alt=\"\" class=\"wp-image-3247\" srcset=\"https:\/\/aradiovi.hu\/wp-content\/uploads\/2026\/04\/51c18409-0fa2-4a79-9972-4de6b1bc9f2e-768x1024.jpg 768w, https:\/\/aradiovi.hu\/wp-content\/uploads\/2026\/04\/51c18409-0fa2-4a79-9972-4de6b1bc9f2e-225x300.jpg 225w, https:\/\/aradiovi.hu\/wp-content\/uploads\/2026\/04\/51c18409-0fa2-4a79-9972-4de6b1bc9f2e-1152x1536.jpg 1152w, https:\/\/aradiovi.hu\/wp-content\/uploads\/2026\/04\/51c18409-0fa2-4a79-9972-4de6b1bc9f2e.jpg 1536w\" sizes=\"auto, (max-width: 768px) 100vw, 768px\" \/><\/figure>\n\n\n\n<figure class=\"wp-block-image size-large\"><img loading=\"lazy\" decoding=\"async\" width=\"768\" height=\"1024\" data-id=\"3246\" src=\"https:\/\/aradiovi.hu\/wp-content\/uploads\/2026\/04\/72f9f6bb-1951-47be-a336-d6602a83c1d3-768x1024.jpg\" alt=\"\" class=\"wp-image-3246\" srcset=\"https:\/\/aradiovi.hu\/wp-content\/uploads\/2026\/04\/72f9f6bb-1951-47be-a336-d6602a83c1d3-768x1024.jpg 768w, https:\/\/aradiovi.hu\/wp-content\/uploads\/2026\/04\/72f9f6bb-1951-47be-a336-d6602a83c1d3-225x300.jpg 225w, https:\/\/aradiovi.hu\/wp-content\/uploads\/2026\/04\/72f9f6bb-1951-47be-a336-d6602a83c1d3-1152x1536.jpg 1152w, https:\/\/aradiovi.hu\/wp-content\/uploads\/2026\/04\/72f9f6bb-1951-47be-a336-d6602a83c1d3.jpg 1536w\" sizes=\"auto, (max-width: 768px) 100vw, 768px\" \/><\/figure>\n\n\n\n<figure class=\"wp-block-image size-large\"><img loading=\"lazy\" decoding=\"async\" width=\"768\" height=\"1024\" data-id=\"3258\" src=\"https:\/\/aradiovi.hu\/wp-content\/uploads\/2026\/04\/bb87e0c4-3cf8-4c55-af9b-6f6643700c3a-768x1024.jpg\" alt=\"\" class=\"wp-image-3258\" srcset=\"https:\/\/aradiovi.hu\/wp-content\/uploads\/2026\/04\/bb87e0c4-3cf8-4c55-af9b-6f6643700c3a-768x1024.jpg 768w, https:\/\/aradiovi.hu\/wp-content\/uploads\/2026\/04\/bb87e0c4-3cf8-4c55-af9b-6f6643700c3a-225x300.jpg 225w, https:\/\/aradiovi.hu\/wp-content\/uploads\/2026\/04\/bb87e0c4-3cf8-4c55-af9b-6f6643700c3a-1152x1536.jpg 1152w, https:\/\/aradiovi.hu\/wp-content\/uploads\/2026\/04\/bb87e0c4-3cf8-4c55-af9b-6f6643700c3a.jpg 1536w\" sizes=\"auto, (max-width: 768px) 100vw, 768px\" \/><\/figure>\n\n\n\n<figure class=\"wp-block-image size-large\"><img loading=\"lazy\" decoding=\"async\" width=\"768\" height=\"1024\" data-id=\"3248\" src=\"https:\/\/aradiovi.hu\/wp-content\/uploads\/2026\/04\/eeeea027-7816-4f65-8962-b4dbd0dcc06c-768x1024.jpg\" alt=\"\" class=\"wp-image-3248\" srcset=\"https:\/\/aradiovi.hu\/wp-content\/uploads\/2026\/04\/eeeea027-7816-4f65-8962-b4dbd0dcc06c-768x1024.jpg 768w, https:\/\/aradiovi.hu\/wp-content\/uploads\/2026\/04\/eeeea027-7816-4f65-8962-b4dbd0dcc06c-225x300.jpg 225w, https:\/\/aradiovi.hu\/wp-content\/uploads\/2026\/04\/eeeea027-7816-4f65-8962-b4dbd0dcc06c-1152x1536.jpg 1152w, https:\/\/aradiovi.hu\/wp-content\/uploads\/2026\/04\/eeeea027-7816-4f65-8962-b4dbd0dcc06c.jpg 1536w\" sizes=\"auto, (max-width: 768px) 100vw, 768px\" \/><\/figure>\n\n\n\n<figure class=\"wp-block-image size-large\"><img loading=\"lazy\" decoding=\"async\" width=\"768\" height=\"1024\" data-id=\"3259\" src=\"https:\/\/aradiovi.hu\/wp-content\/uploads\/2026\/04\/4c4b274e-96ac-4aa5-af01-e2ed6464eb07-768x1024.jpg\" alt=\"\" class=\"wp-image-3259\" srcset=\"https:\/\/aradiovi.hu\/wp-content\/uploads\/2026\/04\/4c4b274e-96ac-4aa5-af01-e2ed6464eb07-768x1024.jpg 768w, https:\/\/aradiovi.hu\/wp-content\/uploads\/2026\/04\/4c4b274e-96ac-4aa5-af01-e2ed6464eb07-225x300.jpg 225w, https:\/\/aradiovi.hu\/wp-content\/uploads\/2026\/04\/4c4b274e-96ac-4aa5-af01-e2ed6464eb07-1152x1536.jpg 1152w, https:\/\/aradiovi.hu\/wp-content\/uploads\/2026\/04\/4c4b274e-96ac-4aa5-af01-e2ed6464eb07.jpg 1536w\" sizes=\"auto, (max-width: 768px) 100vw, 768px\" \/><\/figure>\n\n\n\n<figure class=\"wp-block-image size-large\"><img loading=\"lazy\" decoding=\"async\" width=\"1024\" height=\"768\" data-id=\"3250\" src=\"https:\/\/aradiovi.hu\/wp-content\/uploads\/2026\/04\/ab861388-5b24-46e6-bb21-e78981ce6256-1024x768.jpg\" alt=\"\" class=\"wp-image-3250\" srcset=\"https:\/\/aradiovi.hu\/wp-content\/uploads\/2026\/04\/ab861388-5b24-46e6-bb21-e78981ce6256-1024x768.jpg 1024w, https:\/\/aradiovi.hu\/wp-content\/uploads\/2026\/04\/ab861388-5b24-46e6-bb21-e78981ce6256-300x225.jpg 300w, https:\/\/aradiovi.hu\/wp-content\/uploads\/2026\/04\/ab861388-5b24-46e6-bb21-e78981ce6256-768x576.jpg 768w, https:\/\/aradiovi.hu\/wp-content\/uploads\/2026\/04\/ab861388-5b24-46e6-bb21-e78981ce6256-1536x1152.jpg 1536w, https:\/\/aradiovi.hu\/wp-content\/uploads\/2026\/04\/ab861388-5b24-46e6-bb21-e78981ce6256.jpg 2048w\" sizes=\"auto, (max-width: 1024px) 100vw, 1024px\" \/><\/figure>\n<\/figure>\n","protected":false},"excerpt":{"rendered":"<p>Egy csodasz\u00e9p v\u00f6r\u00f6s k\u0151risf\u00e1t kapott \u00f3vod\u00e1nk aj\u00e1nd\u00e9kba \u00dajpest \u00d6nkorm\u00e1nyzat\u00e1t\u00f3l e jeles nap alkalm\u00e1b\u00f3l. A gyerekek \u00e9lvezettel k\u00f6vett\u00e9k v\u00e9gig a fa\u00fcltet\u00e9s folyamat\u00e1t, melyet a fagondoz\u00f3 fiatalember nagy r\u00e9szletess\u00e9ggel \u00e9s szuper ovis nyelvre ford\u00edtva &#8222;t\u00e1lalt&#8221;. K\u00f6sz\u00f6nj\u00fck az \u00d6nkorm\u00e1nyzatnak \u00e9s a V\u00e1rosgondnoks\u00e1g munkat\u00e1rsainak!<\/p>\n","protected":false},"author":1,"featured_media":0,"parent":0,"menu_order":0,"comment_status":"closed","ping_status":"closed","template":"","meta":{"footnotes":""},"class_list":["post-3238","page","type-page","status-publish","hentry"],"_links":{"self":[{"href":"https:\/\/aradiovi.hu\/index.php?rest_route=\/wp\/v2\/pages\/3238","targetHints":{"allow":["GET"]}}],"collection":[{"href":"https:\/\/aradiovi.hu\/index.php?rest_route=\/wp\/v2\/pages"}],"about":[{"href":"https:\/\/aradiovi.hu\/index.php?rest_route=\/wp\/v2\/types\/page"}],"author":[{"embeddable":true,"href":"https:\/\/aradiovi.hu\/index.php?rest_route=\/wp\/v2\/users\/1"}],"replies":[{"embeddable":true,"href":"https:\/\/aradiovi.hu\/index.php?rest_route=%2Fwp%2Fv2%2Fcomments&post=3238"}],"version-history":[{"count":1,"href":"https:\/\/aradiovi.hu\/index.php?rest_route=\/wp\/v2\/pages\/3238\/revisions"}],"predecessor-version":[{"id":3263,"href":"https:\/\/aradiovi.hu\/index.php?rest_route=\/wp\/v2\/pages\/3238\/revisions\/3263"}],"wp:attachment":[{"href":"https:\/\/aradiovi.hu\/index.php?rest_route=%2Fwp%2Fv2%2Fmedia&parent=3238"}],"curies":[{"name":"wp","href":"https:\/\/api.w.org\/{rel}","templated":true}]}}