{"id":3265,"date":"2026-05-07T16:15:02","date_gmt":"2026-05-07T16:15:02","guid":{"rendered":"https:\/\/aradiovi.hu\/?page_id=3265"},"modified":"2026-05-07T16:15:03","modified_gmt":"2026-05-07T16:15:03","slug":"maskepp-erzem","status":"publish","type":"page","link":"https:\/\/aradiovi.hu\/?page_id=3265","title":{"rendered":"M\u00e1sk\u00e9pp \u00e9rzem"},"content":{"rendered":"\n<figure class=\"wp-block-image size-large\"><img loading=\"lazy\" decoding=\"async\" width=\"724\" height=\"1024\" src=\"https:\/\/aradiovi.hu\/wp-content\/uploads\/2026\/05\/Maskepp-erzem-724x1024.jpg\" alt=\"\" class=\"wp-image-3266\" srcset=\"https:\/\/aradiovi.hu\/wp-content\/uploads\/2026\/05\/Maskepp-erzem-724x1024.jpg 724w, https:\/\/aradiovi.hu\/wp-content\/uploads\/2026\/05\/Maskepp-erzem-212x300.jpg 212w, https:\/\/aradiovi.hu\/wp-content\/uploads\/2026\/05\/Maskepp-erzem-768x1086.jpg 768w, https:\/\/aradiovi.hu\/wp-content\/uploads\/2026\/05\/Maskepp-erzem-1086x1536.jpg 1086w, https:\/\/aradiovi.hu\/wp-content\/uploads\/2026\/05\/Maskepp-erzem-1448x2048.jpg 1448w, https:\/\/aradiovi.hu\/wp-content\/uploads\/2026\/05\/Maskepp-erzem.jpg 1587w\" sizes=\"auto, (max-width: 724px) 100vw, 724px\" \/><\/figure>\n","protected":false},"excerpt":{"rendered":"","protected":false},"author":1,"featured_media":0,"parent":0,"menu_order":0,"comment_status":"closed","ping_status":"closed","template":"","meta":{"footnotes":""},"class_list":["post-3265","page","type-page","status-publish","hentry"],"_links":{"self":[{"href":"https:\/\/aradiovi.hu\/index.php?rest_route=\/wp\/v2\/pages\/3265","targetHints":{"allow":["GET"]}}],"collection":[{"href":"https:\/\/aradiovi.hu\/index.php?rest_route=\/wp\/v2\/pages"}],"about":[{"href":"https:\/\/aradiovi.hu\/index.php?rest_route=\/wp\/v2\/types\/page"}],"author":[{"embeddable":true,"href":"https:\/\/aradiovi.hu\/index.php?rest_route=\/wp\/v2\/users\/1"}],"replies":[{"embeddable":true,"href":"https:\/\/aradiovi.hu\/index.php?rest_route=%2Fwp%2Fv2%2Fcomments&post=3265"}],"version-history":[{"count":1,"href":"https:\/\/aradiovi.hu\/index.php?rest_route=\/wp\/v2\/pages\/3265\/revisions"}],"predecessor-version":[{"id":3268,"href":"https:\/\/aradiovi.hu\/index.php?rest_route=\/wp\/v2\/pages\/3265\/revisions\/3268"}],"wp:attachment":[{"href":"https:\/\/aradiovi.hu\/index.php?rest_route=%2Fwp%2Fv2%2Fmedia&parent=3265"}],"curies":[{"name":"wp","href":"https:\/\/api.w.org\/{rel}","templated":true}]}}