{"id":433,"date":"2017-02-26T22:22:20","date_gmt":"2017-02-26T22:22:20","guid":{"rendered":"http:\/\/www.aradiovi.hu\/?page_id=433"},"modified":"2017-03-12T14:57:22","modified_gmt":"2017-03-12T14:57:22","slug":"kisvakond-farsang-2017","status":"publish","type":"page","link":"https:\/\/aradiovi.hu\/?page_id=433","title":{"rendered":"Farsang 2017"},"content":{"rendered":"<h1>Kisvakond csoport<a href=\"http:\/\/www.aradiovi.hu\/wp-content\/uploads\/2017\/02\/IMG_7036.jpg\"><img loading=\"lazy\" decoding=\"async\" class=\"alignnone size-full wp-image-430\" src=\"http:\/\/www.aradiovi.hu\/wp-content\/uploads\/2017\/02\/IMG_7036.jpg\" alt=\"\" width=\"1772\" height=\"1181\" srcset=\"https:\/\/aradiovi.hu\/wp-content\/uploads\/2017\/02\/IMG_7036.jpg 1772w, https:\/\/aradiovi.hu\/wp-content\/uploads\/2017\/02\/IMG_7036-300x200.jpg 300w, https:\/\/aradiovi.hu\/wp-content\/uploads\/2017\/02\/IMG_7036-768x512.jpg 768w, https:\/\/aradiovi.hu\/wp-content\/uploads\/2017\/02\/IMG_7036-1024x682.jpg 1024w\" sizes=\"auto, (max-width: 1772px) 100vw, 1772px\" \/><\/a><\/h1>\n<p>&nbsp;<\/p>\n<p><a href=\"https:\/\/photos.google.com\/photo\/AF1QipPhdF478AG8BTiQ2k2hN2yY1jXNUEqmIZ75kgjp\">Gyors \u00f6sszefoglal\u00f3 a hangulatr\u00f3l IDE kattintva \ud83d\ude42<\/a><\/p>\n<p>&nbsp;<\/p>\n<h1>S\u00fcni csoport<a href=\"http:\/\/www.aradiovi.hu\/wp-content\/uploads\/2017\/02\/suni.jpg\"><img loading=\"lazy\" decoding=\"async\" class=\"alignnone size-full wp-image-452\" src=\"http:\/\/www.aradiovi.hu\/wp-content\/uploads\/2017\/02\/suni.jpg\" alt=\"\" width=\"3338\" height=\"2226\" srcset=\"https:\/\/aradiovi.hu\/wp-content\/uploads\/2017\/02\/suni.jpg 3338w, https:\/\/aradiovi.hu\/wp-content\/uploads\/2017\/02\/suni-300x200.jpg 300w, https:\/\/aradiovi.hu\/wp-content\/uploads\/2017\/02\/suni-768x512.jpg 768w, https:\/\/aradiovi.hu\/wp-content\/uploads\/2017\/02\/suni-1024x683.jpg 1024w\" sizes=\"auto, (max-width: 3338px) 100vw, 3338px\" \/><\/a><\/h1>\n<p>&nbsp;<\/p>\n<p>Pillang\u00f3 csoport<\/p>\n<p><a href=\"http:\/\/www.aradiovi.hu\/wp-content\/uploads\/2017\/03\/pillangofarsang.jpg\"><img loading=\"lazy\" decoding=\"async\" class=\"alignnone size-full wp-image-564\" src=\"http:\/\/www.aradiovi.hu\/wp-content\/uploads\/2017\/03\/pillangofarsang.jpg\" alt=\"\" width=\"960\" height=\"720\" srcset=\"https:\/\/aradiovi.hu\/wp-content\/uploads\/2017\/03\/pillangofarsang.jpg 960w, https:\/\/aradiovi.hu\/wp-content\/uploads\/2017\/03\/pillangofarsang-300x225.jpg 300w, https:\/\/aradiovi.hu\/wp-content\/uploads\/2017\/03\/pillangofarsang-768x576.jpg 768w\" sizes=\"auto, (max-width: 960px) 100vw, 960px\" \/><\/a><\/p>\n","protected":false},"excerpt":{"rendered":"<p>Kisvakond csoport &nbsp; Gyors \u00f6sszefoglal\u00f3 a hangulatr\u00f3l IDE kattintva \ud83d\ude42 &nbsp; S\u00fcni csoport &nbsp; Pillang\u00f3 csoport<\/p>\n","protected":false},"author":1,"featured_media":0,"parent":0,"menu_order":0,"comment_status":"closed","ping_status":"closed","template":"","meta":{"footnotes":""},"class_list":["post-433","page","type-page","status-publish","hentry"],"_links":{"self":[{"href":"https:\/\/aradiovi.hu\/index.php?rest_route=\/wp\/v2\/pages\/433","targetHints":{"allow":["GET"]}}],"collection":[{"href":"https:\/\/aradiovi.hu\/index.php?rest_route=\/wp\/v2\/pages"}],"about":[{"href":"https:\/\/aradiovi.hu\/index.php?rest_route=\/wp\/v2\/types\/page"}],"author":[{"embeddable":true,"href":"https:\/\/aradiovi.hu\/index.php?rest_route=\/wp\/v2\/users\/1"}],"replies":[{"embeddable":true,"href":"https:\/\/aradiovi.hu\/index.php?rest_route=%2Fwp%2Fv2%2Fcomments&post=433"}],"version-history":[{"count":5,"href":"https:\/\/aradiovi.hu\/index.php?rest_route=\/wp\/v2\/pages\/433\/revisions"}],"predecessor-version":[{"id":578,"href":"https:\/\/aradiovi.hu\/index.php?rest_route=\/wp\/v2\/pages\/433\/revisions\/578"}],"wp:attachment":[{"href":"https:\/\/aradiovi.hu\/index.php?rest_route=%2Fwp%2Fv2%2Fmedia&parent=433"}],"curies":[{"name":"wp","href":"https:\/\/api.w.org\/{rel}","templated":true}]}}