{"id":463,"date":"2017-03-08T15:28:08","date_gmt":"2017-03-08T15:28:08","guid":{"rendered":"http:\/\/www.aradiovi.hu\/?page_id=463"},"modified":"2025-02-13T18:25:42","modified_gmt":"2025-02-13T18:25:42","slug":"teltemetes","status":"publish","type":"page","link":"https:\/\/aradiovi.hu\/?page_id=463","title":{"rendered":"T\u00e9ltemet\u00e9s"},"content":{"rendered":"<p>2017-ben\u00a0 ker\u00fclt el\u0151sz\u00f6r megszervez\u00e9sre \u00e9s megrendez\u00e9sre t\u00e9ltemet\u0151 rendezv\u00e9ny\u00fcnk.<\/p>\n<p>A h\u00e1z\u00a0akkori legid\u0151sebb gyermekei (akkori S\u00fcni csoport) k\u00f6rbevitt\u00e9k a &#8222;Kisze-b\u00e1bot&#8221;, melyre minden csoportban felker\u00fcltek a &#8222;b\u00fab\u00e1nat- szalagok&#8221;. Csoportonk\u00e9nt m\u00e1s-m\u00e1s form\u00e1ban. Voltak, akik sz\u00ednezett kiszebaba szalagj\u00e1ra saj\u00e1t temetend\u0151 tulajdons\u00e1gaikat \u00edrt\u00e1k, voltak, akik csoportban, k\u00f6z\u00f6sen rajzoltak a szalagra, a l\u00e9nyeg minden csoport eset\u00e9ben ugyanaz volt: szabaduljunk a t\u00e9lt\u0151l, hidegt\u0151l, minden gondunkt\u00f3l- bajunkt\u00f3l, csalogassuk el\u0151 a tavaszt!<\/p>\n<p>Egy napos, sz\u00e9lcsendes d\u00e9lel\u0151tt az udvaron, megfelel\u0151 biztons\u00e1gi int\u00e9zked\u00e9sek mellett a Kisze-b\u00e1bot k\u00f6z\u00f6sen \u00e9getj\u00fck el, mik\u00f6zben minden csoport a saj\u00e1t rigmus\u00e1t k\u00e1nt\u00e1lja, hangszerekkel z\u00f6rg\u00fcnk, bus\u00f3maszkot visel\u00fcnk, \u00e9s t\u00e1tott sz\u00e1jjal figyelj\u00fck, ahogyan a jelk\u00e9pesen szalagra k\u00f6t\u00f6tt bajaink f\u00fcstbe mennek.<\/p>\n<p>A gyerekek \u00e9s a feln\u0151ttek sz\u00e1m\u00e1ra is nagyon izgalmas, \u00e9rdekes k\u00f6z\u00f6ss\u00e9gi esem\u00e9ny sz\u00e1mtalan okot adott az esem\u00e9nyt megel\u0151z\u0151 k\u00f6z\u00f6s bark\u00e1csol\u00e1sra (bus\u00f3 maszkok, k\u00f6rdobozos sajt doboz\u00e1b\u00f3l k\u00e9sz\u00edtett &#8222;s\u00e1m\u00e1n&#8221;dobok, pap\u00edrtekercsb\u0151l \u00e9s aluf\u00f3li\u00e1b\u00f3l k\u00e9sz\u00fclt dud\u00e1k, k\u00f6z\u00f6s sz\u00ednez\u00e9s), n\u00e9pi rigmusok tanul\u00e1s\u00e1ra, n\u00e9phagyom\u00e1nyok feleleven\u00edt\u00e9s\u00e9re, a Kisze-b\u00e1b el\u00e9get\u00e9se ut\u00e1n pedig az \u00e9lm\u00e9ny k\u00f6z\u00f6s feldolgoz\u00e1s\u00e1ra.<\/p>\n<p>&nbsp;<\/p>\n","protected":false},"excerpt":{"rendered":"<p>2017-ben\u00a0 ker\u00fclt el\u0151sz\u00f6r megszervez\u00e9sre \u00e9s megrendez\u00e9sre t\u00e9ltemet\u0151 rendezv\u00e9ny\u00fcnk. A h\u00e1z\u00a0akkori legid\u0151sebb gyermekei (akkori S\u00fcni csoport) k\u00f6rbevitt\u00e9k a &#8222;Kisze-b\u00e1bot&#8221;, melyre minden csoportban felker\u00fcltek a &#8222;b\u00fab\u00e1nat- szalagok&#8221;. Csoportonk\u00e9nt m\u00e1s-m\u00e1s form\u00e1ban. Voltak, akik sz\u00ednezett kiszebaba szalagj\u00e1ra saj\u00e1t temetend\u0151 tulajdons\u00e1gaikat \u00edrt\u00e1k, voltak, akik csoportban,<\/p>\n","protected":false},"author":1,"featured_media":0,"parent":0,"menu_order":0,"comment_status":"closed","ping_status":"closed","template":"","meta":{"footnotes":""},"class_list":["post-463","page","type-page","status-publish","hentry"],"_links":{"self":[{"href":"https:\/\/aradiovi.hu\/index.php?rest_route=\/wp\/v2\/pages\/463","targetHints":{"allow":["GET"]}}],"collection":[{"href":"https:\/\/aradiovi.hu\/index.php?rest_route=\/wp\/v2\/pages"}],"about":[{"href":"https:\/\/aradiovi.hu\/index.php?rest_route=\/wp\/v2\/types\/page"}],"author":[{"embeddable":true,"href":"https:\/\/aradiovi.hu\/index.php?rest_route=\/wp\/v2\/users\/1"}],"replies":[{"embeddable":true,"href":"https:\/\/aradiovi.hu\/index.php?rest_route=%2Fwp%2Fv2%2Fcomments&post=463"}],"version-history":[{"count":5,"href":"https:\/\/aradiovi.hu\/index.php?rest_route=\/wp\/v2\/pages\/463\/revisions"}],"predecessor-version":[{"id":2722,"href":"https:\/\/aradiovi.hu\/index.php?rest_route=\/wp\/v2\/pages\/463\/revisions\/2722"}],"wp:attachment":[{"href":"https:\/\/aradiovi.hu\/index.php?rest_route=%2Fwp%2Fv2%2Fmedia&parent=463"}],"curies":[{"name":"wp","href":"https:\/\/api.w.org\/{rel}","templated":true}]}}