{"id":49,"date":"2017-01-02T22:20:20","date_gmt":"2017-01-02T22:20:20","guid":{"rendered":"http:\/\/www.aradiovi.hu\/?page_id=49"},"modified":"2017-01-02T23:36:45","modified_gmt":"2017-01-02T23:36:45","slug":"minosegpolitikai-nyilatkozatunk","status":"publish","type":"page","link":"https:\/\/aradiovi.hu\/?page_id=49","title":{"rendered":"Min\u0151s\u00e9gpolitikai nyilatkozatunk"},"content":{"rendered":"<p align=\"justify\"><b><i>\u00d3vod\u00e1nk<\/i><\/b> &#8211; az Aradi \u00d3voda &#8211; <b><i>elk\u00f6telezi mag\u00e1t minden bels\u0151 \u00e9s k\u00fcls\u0151 tev\u00e9kenys\u00e9g\u00e9ben, hogy partnerei ig\u00e9nyeit min\u00e9l teljesebb k\u00f6rben igyekszik kiel\u00e9g\u00edteni, rugalmasan alkalmazkodva az int\u00e9zm\u00e9ny\u00fcnket \u00e9rint\u0151 kih\u00edv\u00e1sokhoz.<\/i><\/b><\/p>\n<p align=\"justify\">\n<p align=\"justify\">\u00a0\u00a0\u00a0\u00a0\u00a0\u00a0<b><i>\u00d3vod\u00e1nk els\u0151sorban a gyermekek ig\u00e9nyeinek k\u00edv\u00e1n megfelelni, \u00e9s \u00e9rdekeit szolg\u00e1lni.<\/i><\/b> A k\u00f6zponti oktat\u00e1sir\u00e1ny\u00edt\u00e1s ig\u00e9nyeinek figyelembe v\u00e9tel\u00e9vel:<\/p>\n<ul>\n<li>\n<div align=\"justify\">Minden &#8211; \u00f3vod\u00e1nkban felvett &#8211; gyermek r\u00e9sz\u00e9re biztos\u00edtjuk az \u00f3vodai nevel\u00e9st.<\/div>\n<\/li>\n<li>\n<div align=\"justify\">A gyermekek szem\u00e9lyis\u00e9g\u00e9nek fejleszt\u00e9s\u00e9ben, k\u00e9pess\u00e9geik kibontakoztat\u00e1s\u00e1ban egy\u00fctt- m\u0171k\u00f6d\u00fcnk a sz\u00fcl\u0151kkel.<\/div>\n<\/li>\n<li>\n<div align=\"justify\">A gyermekek jogainak szem el\u0151tt tart\u00e1s\u00e1val biztos\u00edtjuk az es\u00e9lyegyenl\u0151s\u00e9get.<\/div>\n<\/li>\n<li>\n<div align=\"justify\">Felel\u0151sek vagyunk a gyermekek testi-, \u00e9rzelmi-, \u00e9rtelmi-, erk\u00f6lcsi fejl\u0151d\u00e9s\u00e9\u00e9rt, a gyermek\u00f6z\u00f6ss\u00e9g alak\u00edt\u00e1s\u00e1\u00e9rt.<\/div>\n<\/li>\n<li>\n<div align=\"justify\">Az \u00e1ltal\u00e1nos alapok fejleszt\u00e9s\u00e9n t\u00fal fontosnak tartjuk a tehets\u00e9ges gyermekek felismer\u00e9s\u00e9t, fejl\u0151d\u00e9s\u00fck el\u0151seg\u00edt\u00e9s\u00e9t, t\u00e1mogat\u00e1s\u00e1t, egyidej\u0171leg a r\u00e9szk\u00e9pess\u00e9g-fejl\u0151d\u00e9sben lemaradt gyermekek felz\u00e1rk\u00f3ztat\u00e1s\u00e1t.<\/div>\n<\/li>\n<\/ul>\n<p align=\"justify\">\u00a0\u00a0\u00a0\u00a0\u00a0\u00a0Az oktat\u00e1sir\u00e1ny\u00edt\u00e1s ig\u00e9nyeinek-, Helyi \u00d3vodai Nevel\u00e9si Programunkban megfogalmazott alapelvek-, c\u00e9l- \u00e9s feladatrendszer\u00fcnk eredm\u00e9nyes megval\u00f3s\u00edt\u00e1sa, v\u00e9grahajt\u00e1sa \u00e9rdek\u00e9ben minden dolgoz\u00f3nk legjobb felk\u00e9sz\u00fclts\u00e9ge \u00e9s tud\u00e1sa alapj\u00e1n t\u00f6rekszik partnereink elv\u00e1r\u00e1sait figyelembe v\u00e9ve a min\u0151s\u00e9gi munka v\u00e9gz\u00e9s\u00e9re. Alap\u00e9rt\u00e9k\u00fcnk a nevel\u00e9s-oktat\u00e1s folyamatoss\u00e1ga, stabilit\u00e1sa, a hossz\u00fa szakmai m\u00falt \u00e9s tapasztalat felhaszn\u00e1l\u00e1s\u00e1val.<\/p>\n<p align=\"justify\">\u00a0\u00a0\u00a0\u00a0\u00a0\u00a0\u00a0<b><i>\u00d3<\/i><\/b><b><i>vod\u00e1nkban a min\u0151s\u00e9gi munka, az innov\u00e1ci\u00f3 alapk\u00f6vetelm\u00e9ny, melynek garanci\u00e1ja a munkat\u00e1rsak bels\u0151 \u00e9s k\u00fcls\u0151 k\u00e9pz\u00e9se, a min\u0151s\u00e9gir\u00e1ny\u00edt\u00e1si rendszer m\u0171k\u00f6dtet\u00e9se \u00e9s folyamatos fejleszt\u00e9se.<\/i><\/b> Int\u00e9zm\u00e9ny\u00fcnk kinyilv\u00e1n\u00edtja, hogy szolg\u00e1ltat\u00e1saink min\u0151s\u00e9g\u00e9nek fejleszt\u00e9se minden dolgoz\u00f3 szem\u00e9lyes felel\u0151ss\u00e9ge.<\/p>\n<p align=\"justify\">\u00a0<b><i>\u00a0<\/i><\/b><b><i>\u00a0\u00a0\u00a0\u00a0\u00a0Int\u00e9zm\u00e9nyvezet\u00e9s\u00fcnk elk\u00f6telezett a min\u0151s\u00e9gir\u00e1ny\u00edt\u00e1si rendszer m\u0171k\u00f6dtet\u00e9s\u00e9ben, \u00e9s biztos\u00edtja a hat\u00e9kony m\u0171k\u00f6d\u00e9shez sz\u00fcks\u00e9ges felt\u00e9teleket.<\/i><\/b><\/p>\n<ul>\n<li>\n<div align=\"justify\">A bels\u0151 szab\u00e1lyoz\u00e1si dokumentumokban (Helyi \u00d3vodai Nevel\u00e9si Program, \u00a0Szervezeti \u00e9s \u00a0M\u0171k\u00f6d\u00e9si Szab\u00e1lyzat, Kollekt\u00edv Szerz\u0151d\u00e9s) r\u00f6gz\u00edtett\u00fck pedag\u00f3giai \u00e9rt\u00e9krendszer\u00fcnket, melynek k\u00f6vetkezetes betart\u00e1sa minden dolgoz\u00f3 k\u00f6teless\u00e9ge.<\/div>\n<\/li>\n<li>\n<div align=\"justify\">A tervez\u00e9s, ellen\u0151rz\u00e9s, \u00e9rt\u00e9kel\u00e9s, valamint a d\u00f6nt\u00e9shozatal metodik\u00e1j\u00e1t, gyakorlat\u00e1t szint\u00e9n bels\u0151 dokumentumaink szab\u00e1lyozz\u00e1k (Szervezeti \u00e9s M\u0171k\u00f6d\u00e9si Szab\u00e1lyzat, Kollekt\u00edv Szerz\u0151d\u00e9s).<\/div>\n<\/li>\n<li>\n<div align=\"justify\">Partnereink sz\u00e1m\u00e1ra kinyilv\u00e1n\u00edtjuk a szakmai elv\u00e1r\u00e1sok fontoss\u00e1g\u00e1t.<\/div>\n<\/li>\n<li>\n<div align=\"justify\">A min\u0151s\u00e9gfejleszt\u00e9si renddszer m\u0171k\u00f6d\u00e9s\u00e9hez az \u00f3voda vezet\u0151je biztos\u00edtja a sz\u00fcks\u00e9ges forr\u00e1sokat (k\u00f6lts\u00e9gvet\u00e9s, p\u00e1ly\u00e1zat), szem\u00e9lyi \u00e9s t\u00e1rgyi felt\u00e9teleket.<\/div>\n<\/li>\n<li>\n<div align=\"justify\">Az emberi er\u0151forr\u00e1s menedzsel\u00e9s\u00e9vel t\u00e1mogatja a dolgoz\u00f3k k\u00e9pz\u00e9s\u00e9t, \u00f6nk\u00e9pz\u00e9s\u00e9t, ezen kereszt\u00fcl az innov\u00e1ci\u00f3s folyamatokat.<\/div>\n<\/li>\n<li>\n<div align=\"justify\">Az \u00f3voda vezet\u0151je visszajelz\u00e9seket gy\u0171jt a c\u00e9lok megval\u00f3sul\u00e1s\u00e1r\u00f3l, a munkat\u00e1rsak el\u00e9gedetts\u00e9g\u00e9r\u0151l.<\/div>\n<\/li>\n<li>\n<div align=\"justify\">Az \u00f3voda vezet\u0151je a kidolgozott rendszer alapj\u00e1n elismeri a hat\u00e9kony munk\u00e1t.<\/div>\n<\/li>\n<li>\n<div align=\"justify\">Az \u00f3voda vezet\u0151je a min\u0151s\u00e9gfejleszt\u00e9si rendszert mindezek eszk\u00f6zek\u00e9nt m\u0171k\u00f6dteti.<\/div>\n<\/li>\n<\/ul>\n<p align=\"justify\">\u00a0\u00a0\u00a0\u00a0\u00a0\u00a0Min\u0151s\u00e9gpolitik\u00e1nk lehet\u0151v\u00e9 teszi a k\u00f6rnyezett\u0151l val\u00f3 el\u0151ny\u00f6s k\u00fcl\u00f6nb\u00f6z\u0151s\u00e9g el\u00e9r\u00e9s\u00e9t, mely int\u00e9zm\u00e9ny\u00fcnk j\u00f6v\u0151j\u00e9nek z\u00e1loga.<\/p>\n<p align=\"center\">Aradi \u00d3voda nevel\u0151test\u00fclete<\/p>\n","protected":false},"excerpt":{"rendered":"<p>\u00d3vod\u00e1nk &#8211; az Aradi \u00d3voda &#8211; elk\u00f6telezi mag\u00e1t minden bels\u0151 \u00e9s k\u00fcls\u0151 tev\u00e9kenys\u00e9g\u00e9ben, hogy partnerei ig\u00e9nyeit min\u00e9l teljesebb k\u00f6rben igyekszik kiel\u00e9g\u00edteni, rugalmasan alkalmazkodva az int\u00e9zm\u00e9ny\u00fcnket \u00e9rint\u0151 kih\u00edv\u00e1sokhoz. \u00a0\u00a0\u00a0\u00a0\u00a0\u00a0\u00d3vod\u00e1nk els\u0151sorban a gyermekek ig\u00e9nyeinek k\u00edv\u00e1n megfelelni, \u00e9s \u00e9rdekeit szolg\u00e1lni. A k\u00f6zponti oktat\u00e1sir\u00e1ny\u00edt\u00e1s<\/p>\n","protected":false},"author":1,"featured_media":0,"parent":0,"menu_order":0,"comment_status":"closed","ping_status":"closed","template":"","meta":{"footnotes":""},"class_list":["post-49","page","type-page","status-publish","hentry"],"_links":{"self":[{"href":"https:\/\/aradiovi.hu\/index.php?rest_route=\/wp\/v2\/pages\/49","targetHints":{"allow":["GET"]}}],"collection":[{"href":"https:\/\/aradiovi.hu\/index.php?rest_route=\/wp\/v2\/pages"}],"about":[{"href":"https:\/\/aradiovi.hu\/index.php?rest_route=\/wp\/v2\/types\/page"}],"author":[{"embeddable":true,"href":"https:\/\/aradiovi.hu\/index.php?rest_route=\/wp\/v2\/users\/1"}],"replies":[{"embeddable":true,"href":"https:\/\/aradiovi.hu\/index.php?rest_route=%2Fwp%2Fv2%2Fcomments&post=49"}],"version-history":[{"count":2,"href":"https:\/\/aradiovi.hu\/index.php?rest_route=\/wp\/v2\/pages\/49\/revisions"}],"predecessor-version":[{"id":107,"href":"https:\/\/aradiovi.hu\/index.php?rest_route=\/wp\/v2\/pages\/49\/revisions\/107"}],"wp:attachment":[{"href":"https:\/\/aradiovi.hu\/index.php?rest_route=%2Fwp%2Fv2%2Fmedia&parent=49"}],"curies":[{"name":"wp","href":"https:\/\/api.w.org\/{rel}","templated":true}]}}