{"id":496,"date":"2017-03-08T16:03:45","date_gmt":"2017-03-08T16:03:45","guid":{"rendered":"http:\/\/www.aradiovi.hu\/?page_id=496"},"modified":"2017-03-12T14:55:25","modified_gmt":"2017-03-12T14:55:25","slug":"csoportkepek","status":"publish","type":"page","link":"https:\/\/aradiovi.hu\/?page_id=496","title":{"rendered":"Csoportk\u00e9pek"},"content":{"rendered":"<div id='gallery-1' class='gallery galleryid-496 gallery-columns-3 gallery-size-medium'><figure class='gallery-item'>\n\t\t\t<div class='gallery-icon landscape'>\n\t\t\t\t<a href='https:\/\/aradiovi.hu\/?attachment_id=572'><img loading=\"lazy\" decoding=\"async\" width=\"300\" height=\"200\" src=\"https:\/\/aradiovi.hu\/wp-content\/uploads\/2017\/03\/katicacsopi-2-300x200.jpg\" class=\"attachment-medium size-medium\" alt=\"\" aria-describedby=\"gallery-1-572\" srcset=\"https:\/\/aradiovi.hu\/wp-content\/uploads\/2017\/03\/katicacsopi-2-300x200.jpg 300w, https:\/\/aradiovi.hu\/wp-content\/uploads\/2017\/03\/katicacsopi-2-768x512.jpg 768w, https:\/\/aradiovi.hu\/wp-content\/uploads\/2017\/03\/katicacsopi-2-1024x683.jpg 1024w, https:\/\/aradiovi.hu\/wp-content\/uploads\/2017\/03\/katicacsopi-2.jpg 1163w\" sizes=\"auto, (max-width: 300px) 100vw, 300px\" \/><\/a>\n\t\t\t<\/div>\n\t\t\t\t<figcaption class='wp-caption-text gallery-caption' id='gallery-1-572'>\n\t\t\t\tKatica csoport\n\t\t\t\t<\/figcaption><\/figure><figure class='gallery-item'>\n\t\t\t<div class='gallery-icon landscape'>\n\t\t\t\t<a href='https:\/\/aradiovi.hu\/?attachment_id=573'><img loading=\"lazy\" decoding=\"async\" width=\"300\" height=\"200\" src=\"https:\/\/aradiovi.hu\/wp-content\/uploads\/2017\/03\/kisvakondcsopi-1-300x200.jpg\" class=\"attachment-medium size-medium\" alt=\"\" aria-describedby=\"gallery-1-573\" srcset=\"https:\/\/aradiovi.hu\/wp-content\/uploads\/2017\/03\/kisvakondcsopi-1-300x200.jpg 300w, https:\/\/aradiovi.hu\/wp-content\/uploads\/2017\/03\/kisvakondcsopi-1-768x512.jpg 768w, https:\/\/aradiovi.hu\/wp-content\/uploads\/2017\/03\/kisvakondcsopi-1-1024x682.jpg 1024w, https:\/\/aradiovi.hu\/wp-content\/uploads\/2017\/03\/kisvakondcsopi-1.jpg 1163w\" sizes=\"auto, (max-width: 300px) 100vw, 300px\" \/><\/a>\n\t\t\t<\/div>\n\t\t\t\t<figcaption class='wp-caption-text gallery-caption' id='gallery-1-573'>\n\t\t\t\tKisvakond csoport\n\t\t\t\t<\/figcaption><\/figure><figure class='gallery-item'>\n\t\t\t<div class='gallery-icon landscape'>\n\t\t\t\t<a href='https:\/\/aradiovi.hu\/?attachment_id=574'><img loading=\"lazy\" decoding=\"async\" width=\"300\" height=\"200\" src=\"https:\/\/aradiovi.hu\/wp-content\/uploads\/2017\/03\/pillangocsopi-1-300x200.jpg\" class=\"attachment-medium size-medium\" alt=\"\" aria-describedby=\"gallery-1-574\" srcset=\"https:\/\/aradiovi.hu\/wp-content\/uploads\/2017\/03\/pillangocsopi-1-300x200.jpg 300w, https:\/\/aradiovi.hu\/wp-content\/uploads\/2017\/03\/pillangocsopi-1-768x512.jpg 768w, https:\/\/aradiovi.hu\/wp-content\/uploads\/2017\/03\/pillangocsopi-1-1024x682.jpg 1024w, https:\/\/aradiovi.hu\/wp-content\/uploads\/2017\/03\/pillangocsopi-1.jpg 1163w\" sizes=\"auto, (max-width: 300px) 100vw, 300px\" \/><\/a>\n\t\t\t<\/div>\n\t\t\t\t<figcaption class='wp-caption-text gallery-caption' id='gallery-1-574'>\n\t\t\t\tPillang\u00f3 csoport\n\t\t\t\t<\/figcaption><\/figure><figure class='gallery-item'>\n\t\t\t<div class='gallery-icon landscape'>\n\t\t\t\t<a href='https:\/\/aradiovi.hu\/?attachment_id=576'><img loading=\"lazy\" decoding=\"async\" width=\"300\" height=\"200\" src=\"https:\/\/aradiovi.hu\/wp-content\/uploads\/2017\/03\/szazlabucsopi-1-300x200.jpg\" class=\"attachment-medium size-medium\" alt=\"\" aria-describedby=\"gallery-1-576\" srcset=\"https:\/\/aradiovi.hu\/wp-content\/uploads\/2017\/03\/szazlabucsopi-1-300x200.jpg 300w, https:\/\/aradiovi.hu\/wp-content\/uploads\/2017\/03\/szazlabucsopi-1-768x512.jpg 768w, https:\/\/aradiovi.hu\/wp-content\/uploads\/2017\/03\/szazlabucsopi-1-1024x683.jpg 1024w, https:\/\/aradiovi.hu\/wp-content\/uploads\/2017\/03\/szazlabucsopi-1.jpg 1163w\" sizes=\"auto, (max-width: 300px) 100vw, 300px\" \/><\/a>\n\t\t\t<\/div>\n\t\t\t\t<figcaption class='wp-caption-text gallery-caption' id='gallery-1-576'>\n\t\t\t\tSz\u00e1zl\u00e1b\u00fa csoport\n\t\t\t\t<\/figcaption><\/figure><figure class='gallery-item'>\n\t\t\t<div class='gallery-icon landscape'>\n\t\t\t\t<a href='https:\/\/aradiovi.hu\/?attachment_id=568'><img loading=\"lazy\" decoding=\"async\" width=\"300\" height=\"200\" src=\"https:\/\/aradiovi.hu\/wp-content\/uploads\/2017\/03\/hintapacik0002-1-300x200.jpg\" class=\"attachment-medium size-medium\" alt=\"\" aria-describedby=\"gallery-1-568\" srcset=\"https:\/\/aradiovi.hu\/wp-content\/uploads\/2017\/03\/hintapacik0002-1-300x200.jpg 300w, https:\/\/aradiovi.hu\/wp-content\/uploads\/2017\/03\/hintapacik0002-1-768x512.jpg 768w, https:\/\/aradiovi.hu\/wp-content\/uploads\/2017\/03\/hintapacik0002-1-1024x682.jpg 1024w, https:\/\/aradiovi.hu\/wp-content\/uploads\/2017\/03\/hintapacik0002-1.jpg 1163w\" sizes=\"auto, (max-width: 300px) 100vw, 300px\" \/><\/a>\n\t\t\t<\/div>\n\t\t\t\t<figcaption class='wp-caption-text gallery-caption' id='gallery-1-568'>\n\t\t\t\tHintapaci csoport\n\t\t\t\t<\/figcaption><\/figure><figure class='gallery-item'>\n\t\t\t<div class='gallery-icon landscape'>\n\t\t\t\t<a href='https:\/\/aradiovi.hu\/?attachment_id=575'><img loading=\"lazy\" decoding=\"async\" width=\"300\" height=\"200\" src=\"https:\/\/aradiovi.hu\/wp-content\/uploads\/2017\/03\/sunicsopi-1-300x200.jpg\" class=\"attachment-medium size-medium\" alt=\"\" aria-describedby=\"gallery-1-575\" srcset=\"https:\/\/aradiovi.hu\/wp-content\/uploads\/2017\/03\/sunicsopi-1-300x200.jpg 300w, https:\/\/aradiovi.hu\/wp-content\/uploads\/2017\/03\/sunicsopi-1-768x512.jpg 768w, https:\/\/aradiovi.hu\/wp-content\/uploads\/2017\/03\/sunicsopi-1-1024x682.jpg 1024w, https:\/\/aradiovi.hu\/wp-content\/uploads\/2017\/03\/sunicsopi-1.jpg 1163w\" sizes=\"auto, (max-width: 300px) 100vw, 300px\" \/><\/a>\n\t\t\t<\/div>\n\t\t\t\t<figcaption class='wp-caption-text gallery-caption' id='gallery-1-575'>\n\t\t\t\tS\u00fcni csoport\n\t\t\t\t<\/figcaption><\/figure>\n\t\t<\/div>\n\n","protected":false},"excerpt":{"rendered":"","protected":false},"author":1,"featured_media":0,"parent":0,"menu_order":0,"comment_status":"closed","ping_status":"closed","template":"","meta":{"footnotes":""},"class_list":["post-496","page","type-page","status-publish","hentry"],"_links":{"self":[{"href":"https:\/\/aradiovi.hu\/index.php?rest_route=\/wp\/v2\/pages\/496","targetHints":{"allow":["GET"]}}],"collection":[{"href":"https:\/\/aradiovi.hu\/index.php?rest_route=\/wp\/v2\/pages"}],"about":[{"href":"https:\/\/aradiovi.hu\/index.php?rest_route=\/wp\/v2\/types\/page"}],"author":[{"embeddable":true,"href":"https:\/\/aradiovi.hu\/index.php?rest_route=\/wp\/v2\/users\/1"}],"replies":[{"embeddable":true,"href":"https:\/\/aradiovi.hu\/index.php?rest_route=%2Fwp%2Fv2%2Fcomments&post=496"}],"version-history":[{"count":5,"href":"https:\/\/aradiovi.hu\/index.php?rest_route=\/wp\/v2\/pages\/496\/revisions"}],"predecessor-version":[{"id":577,"href":"https:\/\/aradiovi.hu\/index.php?rest_route=\/wp\/v2\/pages\/496\/revisions\/577"}],"wp:attachment":[{"href":"https:\/\/aradiovi.hu\/index.php?rest_route=%2Fwp%2Fv2%2Fmedia&parent=496"}],"curies":[{"name":"wp","href":"https:\/\/api.w.org\/{rel}","templated":true}]}}