{"id":52,"date":"2017-01-02T22:20:47","date_gmt":"2017-01-02T22:20:47","guid":{"rendered":"http:\/\/www.aradiovi.hu\/?page_id=52"},"modified":"2024-02-28T15:33:47","modified_gmt":"2024-02-28T15:33:47","slug":"alapitvanyunk","status":"publish","type":"page","link":"https:\/\/aradiovi.hu\/?page_id=52","title":{"rendered":"Alap\u00edtv\u00e1nyunk"},"content":{"rendered":"<p align=\"center\"><span style=\"font-size: large;\"><b>Alap\u00edtv\u00e1nyunkr\u00f3l<\/b><\/span><\/p>\n<p align=\"center\"><span style=\"font-size: large;\">\u00a0<\/span><\/p>\n<p>Az Aradi \u00d3vod\u00e1ban <b><i>1996-ban alakult meg<\/i><\/b> a 18083402-1-41 ad\u00f3sz\u00e1m\u00fa, k\u00f6zhaszn\u00fa besorol\u00e1s\u00fa \u00a0&#8222;Kudarc n\u00e9lk\u00fcl az iskol\u00e1ban&#8221; Prevent\u00edv \u00d3vodai Fejleszt\u0151 Program a Tanul\u00e1si Zavarok Megel\u0151z\u00e9s\u00e9re\u00a0Alap\u00edtv\u00e1ny.<\/p>\n<p><b><i>Feladata<\/i><\/b> az \u00f3voda helyi programj\u00e1nak (Komplex Prevenci\u00f3s \u00d3vodai Program) t\u00e1mogat\u00e1sa, a sz\u00ednvonalas nevel\u00e9shez sz\u00fcks\u00e9ges felt\u00e9telek megval\u00f3sul\u00e1s\u00e1nak el\u0151seg\u00edt\u00e9se.<\/p>\n<p>A kurat\u00f3rium eln\u00f6ke\u00a0Kiss Judit, titk\u00e1ra K\u00f6vi M\u00e1ria.<\/p>\n<p>&nbsp;<\/p>\n<p>A szem\u00e9lyi j\u00f6vedelemad\u00f3 nek\u00fcnk utalt 1%-\u00e1t minden \u00e9vben a gyermekek \u00e9rdek\u00e9ben haszn\u00e1ljuk fel (kir\u00e1ndul\u00e1sok, kultur\u00e1lis programok, tornaszerek, j\u00e1t\u00e9kok, stb.), a k\u00fcl\u00f6nb\u00f6z\u0151 p\u00e1ly\u00e1zatokon elnyert \u00f6sszegek kieg\u00e9sz\u00edt\u00e9s\u00e9re (pl. udvari j\u00e1t\u00e9keszk\u00f6z\u00f6k beszerz\u00e9se, stb.) \u00e9s az \u00f3voda k\u00fclsej\u00e9nek szebb\u00e9 t\u00e9tel\u00e9re (pl. \u00faj b\u00fatorok &#8211; sz\u00e9kek, asztalok, babaszobai berendez\u00e9sek, stb.) ford\u00edtjuk.<\/p>\n<p>&nbsp;<\/p>\n<p style=\"text-align: center;\"><strong><span style=\"color: #3366ff;\">K\u00f6sz\u00f6nj\u00fck, hogy szem\u00e9lyi j\u00f6vedelemad\u00f3juk 1%-\u00e1t eddig, vagy ez\u00fattal alap\u00edtv\u00e1nyunknak aj\u00e1nlott\u00e1k fel.<\/span><\/strong><\/p>\n<p style=\"text-align: center;\"><strong><span style=\"color: #3366ff;\"> (Ad\u00f3sz\u00e1m:\u00a018083402-1-41)<\/span><\/strong><\/p>\n<p style=\"text-align: center;\">\n<p>&nbsp;<\/p>\n<p>&nbsp;<\/p>\n<p>&nbsp;<\/p>\n<p>&nbsp;<\/p>\n<p>&nbsp;<\/p>\n<p>&nbsp;<\/p>\n<p>&nbsp;<\/p>\n<p><a href=\"http:\/\/www.aradiovi.hu\/?page_id=251\">Elsz\u00e1mol\u00e1s az ad\u00f3 1%-kal<\/a><\/p>\n<p><a href=\"http:\/\/www.aradiovi.hu\/?page_id=254\">Alap\u00edtv\u00e1ny \u00e9ves m\u00e9rlege<\/a><\/p>\n<p>&nbsp;<\/p>\n<p>&nbsp;<\/p>\n<p><span style=\"font-size: large;\"><b>\u00a0<\/b><\/span><\/p>\n","protected":false},"excerpt":{"rendered":"<p>Alap\u00edtv\u00e1nyunkr\u00f3l \u00a0 Az Aradi \u00d3vod\u00e1ban 1996-ban alakult meg a 18083402-1-41 ad\u00f3sz\u00e1m\u00fa, k\u00f6zhaszn\u00fa besorol\u00e1s\u00fa \u00a0&#8222;Kudarc n\u00e9lk\u00fcl az iskol\u00e1ban&#8221; Prevent\u00edv \u00d3vodai Fejleszt\u0151 Program a Tanul\u00e1si Zavarok Megel\u0151z\u00e9s\u00e9re\u00a0Alap\u00edtv\u00e1ny. Feladata az \u00f3voda helyi programj\u00e1nak (Komplex Prevenci\u00f3s \u00d3vodai Program) t\u00e1mogat\u00e1sa, a sz\u00ednvonalas nevel\u00e9shez sz\u00fcks\u00e9ges felt\u00e9telek<\/p>\n","protected":false},"author":1,"featured_media":0,"parent":0,"menu_order":0,"comment_status":"closed","ping_status":"closed","template":"","meta":{"footnotes":""},"class_list":["post-52","page","type-page","status-publish","hentry"],"_links":{"self":[{"href":"https:\/\/aradiovi.hu\/index.php?rest_route=\/wp\/v2\/pages\/52","targetHints":{"allow":["GET"]}}],"collection":[{"href":"https:\/\/aradiovi.hu\/index.php?rest_route=\/wp\/v2\/pages"}],"about":[{"href":"https:\/\/aradiovi.hu\/index.php?rest_route=\/wp\/v2\/types\/page"}],"author":[{"embeddable":true,"href":"https:\/\/aradiovi.hu\/index.php?rest_route=\/wp\/v2\/users\/1"}],"replies":[{"embeddable":true,"href":"https:\/\/aradiovi.hu\/index.php?rest_route=%2Fwp%2Fv2%2Fcomments&post=52"}],"version-history":[{"count":13,"href":"https:\/\/aradiovi.hu\/index.php?rest_route=\/wp\/v2\/pages\/52\/revisions"}],"predecessor-version":[{"id":2562,"href":"https:\/\/aradiovi.hu\/index.php?rest_route=\/wp\/v2\/pages\/52\/revisions\/2562"}],"wp:attachment":[{"href":"https:\/\/aradiovi.hu\/index.php?rest_route=%2Fwp%2Fv2%2Fmedia&parent=52"}],"curies":[{"name":"wp","href":"https:\/\/api.w.org\/{rel}","templated":true}]}}