{"id":55,"date":"2017-01-02T22:22:12","date_gmt":"2017-01-02T22:22:12","guid":{"rendered":"http:\/\/www.aradiovi.hu\/?page_id=55"},"modified":"2024-11-24T21:46:05","modified_gmt":"2024-11-24T21:46:05","slug":"ebedbefizetes","status":"publish","type":"page","link":"https:\/\/aradiovi.hu\/?page_id=55","title":{"rendered":"Eb\u00e9dbefizet\u00e9s"},"content":{"rendered":"<p>&nbsp;<\/p>\n<h1><\/h1>\n<h1><\/h1>\n<hr \/>\n<h1 style=\"text-align: center;\"><b>Eb\u00e9dbefizet\u00e9s:<\/b><\/h1>\n<p style=\"text-align: center;\">A G.I. \u00e9tkez\u00e9st rendel\u0151 rendszer\u00e9ben minden h\u00f3nap 20-ig!<\/p>\n<p>&nbsp;<\/p>\n<p>&nbsp;<\/p>\n<p style=\"text-align: center;\"><strong><u>(\u00a0 A T\u00c9R\u00cdT\u00c9SMENTESEN \u00c9TKEZ\u0150 GYEREKEKNEK IS MEG KELL RENDELNI AZ \u00c9TKEZ\u00c9ST!)<\/u><\/strong><\/p>\n<p style=\"text-align: center;\"><strong><u>\u00a0<\/u><\/strong><\/p>\n<p style=\"text-align: center;\"><strong>\u00a0P\u00e9lda: \u00c9tkez\u00e9s id\u0151szaka: november h\u00f3nap<\/strong><strong><u>\u00a0<\/u><\/strong><strong>\u00a0 \u00a0 &#8212;&#8212;&#8211;&gt;&gt;&gt;\u00a0 \u00a0 \u00a0<\/strong><strong><u>\u00c1TUTAL\u00c1SI HAT\u00c1RID\u0150: okt. 20<\/u><\/strong><\/p>\n<h2 style=\"text-align: center;\"><\/h2>\n<h3 style=\"text-align: center;\"><\/h3>\n<h3 style=\"text-align: center;\"><\/h3>\n<h5><\/h5>\n<h5>Az \u00e9tkez\u00e9si d\u00edjak 2021.\u00a0janu\u00e1r elsej\u00e9t\u0151l az al\u00e1bbi m\u00f3don v\u00e1ltoznak!<\/h5>\n<h6>Az \u00e9tkez\u00e9si t\u00e9r\u00edt\u00e9si d\u00edj 776,7.-Ft\/nap\/f\u0151 (di\u00e9t\u00e1s: 892,7 Ft\/nap\/f\u0151)<\/h6>\n<hr \/>\n","protected":false},"excerpt":{"rendered":"<p>&nbsp; Eb\u00e9dbefizet\u00e9s: A G.I. \u00e9tkez\u00e9st rendel\u0151 rendszer\u00e9ben minden h\u00f3nap 20-ig! &nbsp; &nbsp; (\u00a0 A T\u00c9R\u00cdT\u00c9SMENTESEN \u00c9TKEZ\u0150 GYEREKEKNEK IS MEG KELL RENDELNI AZ \u00c9TKEZ\u00c9ST!) \u00a0 \u00a0P\u00e9lda: \u00c9tkez\u00e9s id\u0151szaka: november h\u00f3nap\u00a0\u00a0 \u00a0 &#8212;&#8212;&#8211;&gt;&gt;&gt;\u00a0 \u00a0 \u00a0\u00c1TUTAL\u00c1SI HAT\u00c1RID\u0150: okt. 20 Az \u00e9tkez\u00e9si d\u00edjak 2021.\u00a0janu\u00e1r<\/p>\n","protected":false},"author":1,"featured_media":0,"parent":0,"menu_order":0,"comment_status":"closed","ping_status":"closed","template":"","meta":{"footnotes":""},"class_list":["post-55","page","type-page","status-publish","hentry"],"_links":{"self":[{"href":"https:\/\/aradiovi.hu\/index.php?rest_route=\/wp\/v2\/pages\/55","targetHints":{"allow":["GET"]}}],"collection":[{"href":"https:\/\/aradiovi.hu\/index.php?rest_route=\/wp\/v2\/pages"}],"about":[{"href":"https:\/\/aradiovi.hu\/index.php?rest_route=\/wp\/v2\/types\/page"}],"author":[{"embeddable":true,"href":"https:\/\/aradiovi.hu\/index.php?rest_route=\/wp\/v2\/users\/1"}],"replies":[{"embeddable":true,"href":"https:\/\/aradiovi.hu\/index.php?rest_route=%2Fwp%2Fv2%2Fcomments&post=55"}],"version-history":[{"count":133,"href":"https:\/\/aradiovi.hu\/index.php?rest_route=\/wp\/v2\/pages\/55\/revisions"}],"predecessor-version":[{"id":2683,"href":"https:\/\/aradiovi.hu\/index.php?rest_route=\/wp\/v2\/pages\/55\/revisions\/2683"}],"wp:attachment":[{"href":"https:\/\/aradiovi.hu\/index.php?rest_route=%2Fwp%2Fv2%2Fmedia&parent=55"}],"curies":[{"name":"wp","href":"https:\/\/api.w.org\/{rel}","templated":true}]}}