{"id":615,"date":"2017-05-02T20:44:20","date_gmt":"2017-05-02T20:44:20","guid":{"rendered":"http:\/\/www.aradiovi.hu\/?page_id=615"},"modified":"2017-05-02T20:44:20","modified_gmt":"2017-05-02T20:44:20","slug":"a-fold-hete","status":"publish","type":"page","link":"https:\/\/aradiovi.hu\/?page_id=615","title":{"rendered":"A F\u00f6ld hete"},"content":{"rendered":"<p><a href=\"http:\/\/www.aradiovi.hu\/wp-content\/uploads\/2017\/05\/SoMaDesign_HedgehogInTheGarden_Barrow01.png\"><img loading=\"lazy\" decoding=\"async\" class=\"wp-image-616 aligncenter\" src=\"http:\/\/www.aradiovi.hu\/wp-content\/uploads\/2017\/05\/SoMaDesign_HedgehogInTheGarden_Barrow01.png\" alt=\"\" width=\"186\" height=\"184\" srcset=\"https:\/\/aradiovi.hu\/wp-content\/uploads\/2017\/05\/SoMaDesign_HedgehogInTheGarden_Barrow01.png 1719w, https:\/\/aradiovi.hu\/wp-content\/uploads\/2017\/05\/SoMaDesign_HedgehogInTheGarden_Barrow01-300x296.png 300w, https:\/\/aradiovi.hu\/wp-content\/uploads\/2017\/05\/SoMaDesign_HedgehogInTheGarden_Barrow01-768x759.png 768w, https:\/\/aradiovi.hu\/wp-content\/uploads\/2017\/05\/SoMaDesign_HedgehogInTheGarden_Barrow01-1024x1011.png 1024w\" sizes=\"auto, (max-width: 186px) 100vw, 186px\" \/><\/a><\/p>\n<p>\u00c1prilis 22. a F\u00f6ld napja. Nem vagyunk mi telhetetlenek, de mi egy eg\u00e9sz hetet szentel\u00fcnk ennek a t\u00e9m\u00e1nak. A csoportokban eg\u00e9sz h\u00e9ten a F\u00f6ld\u00fcnkkel kapcsolatos t\u00e9m\u00e1ban tev\u00e9kenykednek a gyermekek, de a legl\u00e1tv\u00e1nyosabb k\u00f6z\u00f6s tev\u00e9kenys\u00e9g sor\u00e1n kivir\u00e1gzik az \u00f3vod\u00e1nk udvara. Minden gyermek a saj\u00e1t kez\u00e9vel \u00fclteti el a hozott vir\u00e1gj\u00e1t, s tesz hozz\u00e1 ezzel az udvarunk megsz\u00e9p\u00edt\u00e9s\u00e9hez, \u00e9s egy ici-pici l\u00e9p\u00e9st a F\u00f6ld\u00fcnk \u00e9rdek\u00e9ben. Igyeksz\u00fcnk ezt a vir\u00e1gos-vir\u00e1gz\u00f3 k\u00e9pet a lehet\u0151 legtov\u00e1bb fenntartani, hogy min\u00e9l tov\u00e1bb gy\u00f6ny\u00f6rk\u00f6dhess\u00fcnk a l\u00e1tv\u00e1nyban, \u00fasszunk a sz\u00ednekben \u00e9s illatokban.<\/p>\n<p><a href=\"http:\/\/www.aradiovi.hu\/wp-content\/uploads\/2017\/05\/SoMaDesign_HedgehogInTheGarden_Pot03.png\"><img loading=\"lazy\" decoding=\"async\" class=\"wp-image-619 aligncenter\" src=\"http:\/\/www.aradiovi.hu\/wp-content\/uploads\/2017\/05\/SoMaDesign_HedgehogInTheGarden_Pot03.png\" alt=\"\" width=\"211\" height=\"122\" srcset=\"https:\/\/aradiovi.hu\/wp-content\/uploads\/2017\/05\/SoMaDesign_HedgehogInTheGarden_Pot03.png 1448w, https:\/\/aradiovi.hu\/wp-content\/uploads\/2017\/05\/SoMaDesign_HedgehogInTheGarden_Pot03-300x174.png 300w, https:\/\/aradiovi.hu\/wp-content\/uploads\/2017\/05\/SoMaDesign_HedgehogInTheGarden_Pot03-768x444.png 768w, https:\/\/aradiovi.hu\/wp-content\/uploads\/2017\/05\/SoMaDesign_HedgehogInTheGarden_Pot03-1024x593.png 1024w\" sizes=\"auto, (max-width: 211px) 100vw, 211px\" \/><\/a><\/p>\n","protected":false},"excerpt":{"rendered":"<p>\u00c1prilis 22. a F\u00f6ld napja. Nem vagyunk mi telhetetlenek, de mi egy eg\u00e9sz hetet szentel\u00fcnk ennek a t\u00e9m\u00e1nak. A csoportokban eg\u00e9sz h\u00e9ten a F\u00f6ld\u00fcnkkel kapcsolatos t\u00e9m\u00e1ban tev\u00e9kenykednek a gyermekek, de a legl\u00e1tv\u00e1nyosabb k\u00f6z\u00f6s tev\u00e9kenys\u00e9g sor\u00e1n kivir\u00e1gzik az \u00f3vod\u00e1nk udvara. Minden<\/p>\n","protected":false},"author":1,"featured_media":0,"parent":0,"menu_order":0,"comment_status":"closed","ping_status":"closed","template":"","meta":{"footnotes":""},"class_list":["post-615","page","type-page","status-publish","hentry"],"_links":{"self":[{"href":"https:\/\/aradiovi.hu\/index.php?rest_route=\/wp\/v2\/pages\/615","targetHints":{"allow":["GET"]}}],"collection":[{"href":"https:\/\/aradiovi.hu\/index.php?rest_route=\/wp\/v2\/pages"}],"about":[{"href":"https:\/\/aradiovi.hu\/index.php?rest_route=\/wp\/v2\/types\/page"}],"author":[{"embeddable":true,"href":"https:\/\/aradiovi.hu\/index.php?rest_route=\/wp\/v2\/users\/1"}],"replies":[{"embeddable":true,"href":"https:\/\/aradiovi.hu\/index.php?rest_route=%2Fwp%2Fv2%2Fcomments&post=615"}],"version-history":[{"count":1,"href":"https:\/\/aradiovi.hu\/index.php?rest_route=\/wp\/v2\/pages\/615\/revisions"}],"predecessor-version":[{"id":621,"href":"https:\/\/aradiovi.hu\/index.php?rest_route=\/wp\/v2\/pages\/615\/revisions\/621"}],"wp:attachment":[{"href":"https:\/\/aradiovi.hu\/index.php?rest_route=%2Fwp%2Fv2%2Fmedia&parent=615"}],"curies":[{"name":"wp","href":"https:\/\/api.w.org\/{rel}","templated":true}]}}