{"id":842,"date":"2018-02-11T21:56:57","date_gmt":"2018-02-11T21:56:57","guid":{"rendered":"http:\/\/www.aradiovi.hu\/?page_id=842"},"modified":"2018-03-22T13:35:47","modified_gmt":"2018-03-22T13:35:47","slug":"2018-farsang","status":"publish","type":"page","link":"https:\/\/aradiovi.hu\/?page_id=842","title":{"rendered":"2018 farsang"},"content":{"rendered":"<p>Hintapaci csoport<\/p>\n<p><a href=\"http:\/\/www.aradiovi.hu\/wp-content\/uploads\/2018\/02\/28944682_1860560143974890_2031171056_o.jpg\"><img loading=\"lazy\" decoding=\"async\" class=\"alignnone size-thumbnail wp-image-900\" src=\"http:\/\/www.aradiovi.hu\/wp-content\/uploads\/2018\/02\/28944682_1860560143974890_2031171056_o-150x150.jpg\" alt=\"\" width=\"150\" height=\"150\" srcset=\"https:\/\/aradiovi.hu\/wp-content\/uploads\/2018\/02\/28944682_1860560143974890_2031171056_o-150x150.jpg 150w, https:\/\/aradiovi.hu\/wp-content\/uploads\/2018\/02\/28944682_1860560143974890_2031171056_o-230x230.jpg 230w, https:\/\/aradiovi.hu\/wp-content\/uploads\/2018\/02\/28944682_1860560143974890_2031171056_o-365x365.jpg 365w\" sizes=\"auto, (max-width: 150px) 100vw, 150px\" \/><\/a><\/p>\n<p>Sz\u00e1zl\u00e1b\u00fa csoport<\/p>\n<p><a href=\"http:\/\/www.aradiovi.hu\/wp-content\/uploads\/2018\/02\/FB_IMG_1518455717443.jpg\"><img loading=\"lazy\" decoding=\"async\" class=\"alignnone size-thumbnail wp-image-882\" src=\"http:\/\/www.aradiovi.hu\/wp-content\/uploads\/2018\/02\/FB_IMG_1518455717443-150x150.jpg\" alt=\"\" width=\"150\" height=\"150\" srcset=\"https:\/\/aradiovi.hu\/wp-content\/uploads\/2018\/02\/FB_IMG_1518455717443-150x150.jpg 150w, https:\/\/aradiovi.hu\/wp-content\/uploads\/2018\/02\/FB_IMG_1518455717443-230x230.jpg 230w, https:\/\/aradiovi.hu\/wp-content\/uploads\/2018\/02\/FB_IMG_1518455717443-365x365.jpg 365w\" sizes=\"auto, (max-width: 150px) 100vw, 150px\" \/><\/a><\/p>\n<p>Pillang\u00f3 csoport<\/p>\n<p><a href=\"http:\/\/www.aradiovi.hu\/wp-content\/uploads\/2018\/02\/pillangok.jpg\"><img loading=\"lazy\" decoding=\"async\" class=\"alignnone size-thumbnail wp-image-880\" src=\"http:\/\/www.aradiovi.hu\/wp-content\/uploads\/2018\/02\/pillangok-150x150.jpg\" alt=\"\" width=\"150\" height=\"150\" srcset=\"https:\/\/aradiovi.hu\/wp-content\/uploads\/2018\/02\/pillangok-150x150.jpg 150w, https:\/\/aradiovi.hu\/wp-content\/uploads\/2018\/02\/pillangok-230x230.jpg 230w, https:\/\/aradiovi.hu\/wp-content\/uploads\/2018\/02\/pillangok-365x365.jpg 365w\" sizes=\"auto, (max-width: 150px) 100vw, 150px\" \/><\/a><\/p>\n<p>Kisvakond csoport<\/p>\n<p><a href=\"http:\/\/www.aradiovi.hu\/wp-content\/uploads\/2018\/02\/DSCN9838.jpg\"><img loading=\"lazy\" decoding=\"async\" class=\"alignnone size-thumbnail wp-image-843\" src=\"http:\/\/www.aradiovi.hu\/wp-content\/uploads\/2018\/02\/DSCN9838-150x150.jpg\" alt=\"\" width=\"150\" height=\"150\" srcset=\"https:\/\/aradiovi.hu\/wp-content\/uploads\/2018\/02\/DSCN9838-150x150.jpg 150w, https:\/\/aradiovi.hu\/wp-content\/uploads\/2018\/02\/DSCN9838-230x230.jpg 230w, https:\/\/aradiovi.hu\/wp-content\/uploads\/2018\/02\/DSCN9838-365x365.jpg 365w\" sizes=\"auto, (max-width: 150px) 100vw, 150px\" \/><\/a><\/p>\n","protected":false},"excerpt":{"rendered":"<p>Hintapaci csoport Sz\u00e1zl\u00e1b\u00fa csoport Pillang\u00f3 csoport Kisvakond csoport<\/p>\n","protected":false},"author":1,"featured_media":0,"parent":0,"menu_order":0,"comment_status":"closed","ping_status":"closed","template":"","meta":{"footnotes":""},"class_list":["post-842","page","type-page","status-publish","hentry"],"_links":{"self":[{"href":"https:\/\/aradiovi.hu\/index.php?rest_route=\/wp\/v2\/pages\/842","targetHints":{"allow":["GET"]}}],"collection":[{"href":"https:\/\/aradiovi.hu\/index.php?rest_route=\/wp\/v2\/pages"}],"about":[{"href":"https:\/\/aradiovi.hu\/index.php?rest_route=\/wp\/v2\/types\/page"}],"author":[{"embeddable":true,"href":"https:\/\/aradiovi.hu\/index.php?rest_route=\/wp\/v2\/users\/1"}],"replies":[{"embeddable":true,"href":"https:\/\/aradiovi.hu\/index.php?rest_route=%2Fwp%2Fv2%2Fcomments&post=842"}],"version-history":[{"count":4,"href":"https:\/\/aradiovi.hu\/index.php?rest_route=\/wp\/v2\/pages\/842\/revisions"}],"predecessor-version":[{"id":901,"href":"https:\/\/aradiovi.hu\/index.php?rest_route=\/wp\/v2\/pages\/842\/revisions\/901"}],"wp:attachment":[{"href":"https:\/\/aradiovi.hu\/index.php?rest_route=%2Fwp%2Fv2%2Fmedia&parent=842"}],"curies":[{"name":"wp","href":"https:\/\/api.w.org\/{rel}","templated":true}]}}