{"id":871,"date":"2018-02-11T22:45:32","date_gmt":"2018-02-11T22:45:32","guid":{"rendered":"http:\/\/www.aradiovi.hu\/?page_id=871"},"modified":"2018-02-11T22:45:32","modified_gmt":"2018-02-11T22:45:32","slug":"marton-napi-lampas-felvonulas","status":"publish","type":"page","link":"https:\/\/aradiovi.hu\/?page_id=871","title":{"rendered":"M\u00e1rton napi l\u00e1mp\u00e1s felvonul\u00e1s"},"content":{"rendered":"<div id='gallery-1' class='gallery galleryid-871 gallery-columns-3 gallery-size-medium'><figure class='gallery-item'>\n\t\t\t<div class='gallery-icon portrait'>\n\t\t\t\t<a href='https:\/\/aradiovi.hu\/?attachment_id=872'><img loading=\"lazy\" decoding=\"async\" width=\"225\" height=\"300\" src=\"https:\/\/aradiovi.hu\/wp-content\/uploads\/2018\/02\/DSCN9925-225x300.jpg\" class=\"attachment-medium size-medium\" alt=\"\" srcset=\"https:\/\/aradiovi.hu\/wp-content\/uploads\/2018\/02\/DSCN9925-225x300.jpg 225w, https:\/\/aradiovi.hu\/wp-content\/uploads\/2018\/02\/DSCN9925-768x1024.jpg 768w\" sizes=\"auto, (max-width: 225px) 100vw, 225px\" \/><\/a>\n\t\t\t<\/div><\/figure><figure class='gallery-item'>\n\t\t\t<div class='gallery-icon landscape'>\n\t\t\t\t<a href='https:\/\/aradiovi.hu\/?attachment_id=873'><img loading=\"lazy\" decoding=\"async\" width=\"300\" height=\"225\" src=\"https:\/\/aradiovi.hu\/wp-content\/uploads\/2018\/02\/DSCN9928-300x225.jpg\" class=\"attachment-medium size-medium\" alt=\"\" srcset=\"https:\/\/aradiovi.hu\/wp-content\/uploads\/2018\/02\/DSCN9928-300x225.jpg 300w, https:\/\/aradiovi.hu\/wp-content\/uploads\/2018\/02\/DSCN9928-768x576.jpg 768w, https:\/\/aradiovi.hu\/wp-content\/uploads\/2018\/02\/DSCN9928-1024x768.jpg 1024w\" sizes=\"auto, (max-width: 300px) 100vw, 300px\" \/><\/a>\n\t\t\t<\/div><\/figure><figure class='gallery-item'>\n\t\t\t<div class='gallery-icon landscape'>\n\t\t\t\t<a href='https:\/\/aradiovi.hu\/?attachment_id=874'><img loading=\"lazy\" decoding=\"async\" width=\"300\" height=\"225\" src=\"https:\/\/aradiovi.hu\/wp-content\/uploads\/2018\/02\/DSCN9931-300x225.jpg\" class=\"attachment-medium size-medium\" alt=\"\" srcset=\"https:\/\/aradiovi.hu\/wp-content\/uploads\/2018\/02\/DSCN9931-300x225.jpg 300w, https:\/\/aradiovi.hu\/wp-content\/uploads\/2018\/02\/DSCN9931-768x576.jpg 768w, https:\/\/aradiovi.hu\/wp-content\/uploads\/2018\/02\/DSCN9931-1024x768.jpg 1024w\" sizes=\"auto, (max-width: 300px) 100vw, 300px\" \/><\/a>\n\t\t\t<\/div><\/figure><figure class='gallery-item'>\n\t\t\t<div class='gallery-icon landscape'>\n\t\t\t\t<a href='https:\/\/aradiovi.hu\/?attachment_id=875'><img loading=\"lazy\" decoding=\"async\" width=\"300\" height=\"225\" src=\"https:\/\/aradiovi.hu\/wp-content\/uploads\/2018\/02\/DSCN9933-300x225.jpg\" class=\"attachment-medium size-medium\" alt=\"\" srcset=\"https:\/\/aradiovi.hu\/wp-content\/uploads\/2018\/02\/DSCN9933-300x225.jpg 300w, https:\/\/aradiovi.hu\/wp-content\/uploads\/2018\/02\/DSCN9933-768x576.jpg 768w, https:\/\/aradiovi.hu\/wp-content\/uploads\/2018\/02\/DSCN9933-1024x768.jpg 1024w\" sizes=\"auto, (max-width: 300px) 100vw, 300px\" \/><\/a>\n\t\t\t<\/div><\/figure><figure class='gallery-item'>\n\t\t\t<div class='gallery-icon portrait'>\n\t\t\t\t<a href='https:\/\/aradiovi.hu\/?attachment_id=876'><img loading=\"lazy\" decoding=\"async\" width=\"225\" height=\"300\" src=\"https:\/\/aradiovi.hu\/wp-content\/uploads\/2018\/02\/DSCN9937-225x300.jpg\" class=\"attachment-medium size-medium\" alt=\"\" srcset=\"https:\/\/aradiovi.hu\/wp-content\/uploads\/2018\/02\/DSCN9937-225x300.jpg 225w, https:\/\/aradiovi.hu\/wp-content\/uploads\/2018\/02\/DSCN9937-768x1024.jpg 768w\" sizes=\"auto, (max-width: 225px) 100vw, 225px\" \/><\/a>\n\t\t\t<\/div><\/figure><figure class='gallery-item'>\n\t\t\t<div class='gallery-icon landscape'>\n\t\t\t\t<a href='https:\/\/aradiovi.hu\/?attachment_id=877'><img loading=\"lazy\" decoding=\"async\" width=\"300\" height=\"225\" src=\"https:\/\/aradiovi.hu\/wp-content\/uploads\/2018\/02\/DSCN9938-300x225.jpg\" class=\"attachment-medium size-medium\" alt=\"\" srcset=\"https:\/\/aradiovi.hu\/wp-content\/uploads\/2018\/02\/DSCN9938-300x225.jpg 300w, https:\/\/aradiovi.hu\/wp-content\/uploads\/2018\/02\/DSCN9938-768x576.jpg 768w, https:\/\/aradiovi.hu\/wp-content\/uploads\/2018\/02\/DSCN9938-1024x768.jpg 1024w\" sizes=\"auto, (max-width: 300px) 100vw, 300px\" \/><\/a>\n\t\t\t<\/div><\/figure>\n\t\t<\/div>\n\n","protected":false},"excerpt":{"rendered":"","protected":false},"author":1,"featured_media":0,"parent":0,"menu_order":0,"comment_status":"closed","ping_status":"closed","template":"","meta":{"footnotes":""},"class_list":["post-871","page","type-page","status-publish","hentry"],"_links":{"self":[{"href":"https:\/\/aradiovi.hu\/index.php?rest_route=\/wp\/v2\/pages\/871","targetHints":{"allow":["GET"]}}],"collection":[{"href":"https:\/\/aradiovi.hu\/index.php?rest_route=\/wp\/v2\/pages"}],"about":[{"href":"https:\/\/aradiovi.hu\/index.php?rest_route=\/wp\/v2\/types\/page"}],"author":[{"embeddable":true,"href":"https:\/\/aradiovi.hu\/index.php?rest_route=\/wp\/v2\/users\/1"}],"replies":[{"embeddable":true,"href":"https:\/\/aradiovi.hu\/index.php?rest_route=%2Fwp%2Fv2%2Fcomments&post=871"}],"version-history":[{"count":1,"href":"https:\/\/aradiovi.hu\/index.php?rest_route=\/wp\/v2\/pages\/871\/revisions"}],"predecessor-version":[{"id":879,"href":"https:\/\/aradiovi.hu\/index.php?rest_route=\/wp\/v2\/pages\/871\/revisions\/879"}],"wp:attachment":[{"href":"https:\/\/aradiovi.hu\/index.php?rest_route=%2Fwp%2Fv2%2Fmedia&parent=871"}],"curies":[{"name":"wp","href":"https:\/\/api.w.org\/{rel}","templated":true}]}}