{"id":90,"date":"2017-01-02T23:00:29","date_gmt":"2017-01-02T23:00:29","guid":{"rendered":"http:\/\/www.aradiovi.hu\/?page_id=90"},"modified":"2025-09-29T20:01:03","modified_gmt":"2025-09-29T20:01:03","slug":"csoportjaink","status":"publish","type":"page","link":"https:\/\/aradiovi.hu\/?page_id=90","title":{"rendered":"Csoportjaink"},"content":{"rendered":"<p style=\"text-align: center;\">\u00a0Holdf\u00e9ny csoport &#8211;\u00a020 f\u0151 ( k\u00f6z\u00e9ps\u0151 &#8211;\u00a0nagy csoport)<\/p>\n<p style=\"text-align: center;\"><a href=\"http:\/\/www.aradiovi.hu\/wp-content\/uploads\/2017\/01\/SoMaDesign_BedtimeStories_Sheep008.png\"><img loading=\"lazy\" decoding=\"async\" class=\" wp-image-343 aligncenter\" src=\"http:\/\/www.aradiovi.hu\/wp-content\/uploads\/2017\/01\/SoMaDesign_BedtimeStories_Sheep008.png\" alt=\"\" width=\"140\" height=\"144\" \/><\/a>\u00a0Kisvakond csoport &#8211;\u00a020 f\u0151 (k\u00f6z\u00e9ps\u0151 &#8211;\u00a0nagy csoport)<\/p>\n<p style=\"text-align: center;\"><a href=\"http:\/\/www.aradiovi.hu\/wp-content\/uploads\/2017\/01\/vakondkicsi.png\"><img loading=\"lazy\" decoding=\"async\" class=\"alignnone wp-image-373\" src=\"http:\/\/www.aradiovi.hu\/wp-content\/uploads\/2017\/01\/vakondkicsi.png\" alt=\"\" width=\"101\" height=\"125\" \/><\/a><\/p>\n<p style=\"text-align: center;\">\u00a0Pillang\u00f3 csoport &#8211;\u00a017 f\u0151 (kis-k\u00f6z\u00e9ps\u0151 csoport)<\/p>\n<p style=\"text-align: center;\"><a href=\"http:\/\/www.aradiovi.hu\/wp-content\/uploads\/2017\/01\/SoMaDesign_FairyGarden_Butterfly02.png\"><img loading=\"lazy\" decoding=\"async\" class=\"wp-image-344 aligncenter\" src=\"http:\/\/www.aradiovi.hu\/wp-content\/uploads\/2017\/01\/SoMaDesign_FairyGarden_Butterfly02.png\" alt=\"\" width=\"104\" height=\"158\" \/><\/a><\/p>\n<p style=\"text-align: center;\">Hintapaci csoport &#8211;\u00a018 f\u0151 (mini-kiscsoport)<\/p>\n<p style=\"text-align: center;\"><a href=\"http:\/\/www.aradiovi.hu\/wp-content\/uploads\/2017\/01\/SoMa_BabyAlbum_Boy_Horse01.png\"><img loading=\"lazy\" decoding=\"async\" class=\" wp-image-345 aligncenter\" src=\"http:\/\/www.aradiovi.hu\/wp-content\/uploads\/2017\/01\/SoMa_BabyAlbum_Boy_Horse01.png\" alt=\"\" width=\"172\" height=\"147\" \/><\/a><\/p>\n<p style=\"text-align: center;\">Mazsola csoport 17 f\u0151 (nagycsoport)<\/p>\n<p style=\"text-align: center;\"><a href=\"http:\/\/www.aradiovi.hu\/wp-content\/uploads\/2016\/12\/mazsola-1.png\"><img loading=\"lazy\" decoding=\"async\" class=\"aligncenter wp-image-2962\" src=\"http:\/\/www.aradiovi.hu\/wp-content\/uploads\/2016\/12\/mazsola-1.png\" alt=\"\" width=\"108\" height=\"131\" srcset=\"https:\/\/aradiovi.hu\/wp-content\/uploads\/2016\/12\/mazsola-1.png 1308w, https:\/\/aradiovi.hu\/wp-content\/uploads\/2016\/12\/mazsola-1-248x300.png 248w, https:\/\/aradiovi.hu\/wp-content\/uploads\/2016\/12\/mazsola-1-768x929.png 768w, https:\/\/aradiovi.hu\/wp-content\/uploads\/2016\/12\/mazsola-1-846x1024.png 846w\" sizes=\"auto, (max-width: 108px) 100vw, 108px\" \/><\/a><\/p>\n<p style=\"text-align: center;\">Kismack\u00f3 csoport 20 f\u0151 (kis-k\u00f6z\u00e9ps\u0151 csoport)<\/p>\n<p style=\"text-align: center;\"><a href=\"http:\/\/www.aradiovi.hu\/wp-content\/uploads\/2017\/01\/SoMaDesign_HarvestHappenings_Bear13.png\"><img loading=\"lazy\" decoding=\"async\" class=\"aligncenter wp-image-2945\" src=\"http:\/\/www.aradiovi.hu\/wp-content\/uploads\/2017\/01\/SoMaDesign_HarvestHappenings_Bear13.png\" alt=\"\" width=\"96\" height=\"139\" srcset=\"https:\/\/aradiovi.hu\/wp-content\/uploads\/2017\/01\/SoMaDesign_HarvestHappenings_Bear13.png 1385w, https:\/\/aradiovi.hu\/wp-content\/uploads\/2017\/01\/SoMaDesign_HarvestHappenings_Bear13-208x300.png 208w, https:\/\/aradiovi.hu\/wp-content\/uploads\/2017\/01\/SoMaDesign_HarvestHappenings_Bear13-768x1110.png 768w, https:\/\/aradiovi.hu\/wp-content\/uploads\/2017\/01\/SoMaDesign_HarvestHappenings_Bear13-708x1024.png 708w\" sizes=\"auto, (max-width: 96px) 100vw, 96px\" \/><\/a><\/p>\n<p style=\"text-align: center;\">Mad\u00e1rka csoport &#8211;\u00a021 f\u0151 (kis-k\u00f6z\u00e9ps\u0151 csoport)<\/p>\n<p style=\"text-align: center;\"><a href=\"http:\/\/www.aradiovi.hu\/wp-content\/uploads\/2017\/01\/SoMa_BBP_PrettyBirds_bird02.png\"><img loading=\"lazy\" decoding=\"async\" class=\" wp-image-347 aligncenter\" src=\"http:\/\/www.aradiovi.hu\/wp-content\/uploads\/2017\/01\/SoMa_BBP_PrettyBirds_bird02.png\" alt=\"\" width=\"120\" height=\"122\" \/><\/a>\u00a0S\u00fcni csoport &#8211;\u00a017 f\u0151 (ism\u00e9tl\u0151 nagycsoport)<\/p>\n<p><a href=\"http:\/\/www.aradiovi.hu\/wp-content\/uploads\/2017\/01\/SoMaDesign_HedgehogInTheGarden_Hedgehog07.png\"><img loading=\"lazy\" decoding=\"async\" class=\"wp-image-346 aligncenter\" src=\"http:\/\/www.aradiovi.hu\/wp-content\/uploads\/2017\/01\/SoMaDesign_HedgehogInTheGarden_Hedgehog07.png\" alt=\"\" width=\"101\" height=\"164\" \/><\/a><\/p>\n","protected":false},"excerpt":{"rendered":"<p>\u00a0Holdf\u00e9ny csoport &#8211;\u00a020 f\u0151 ( k\u00f6z\u00e9ps\u0151 &#8211;\u00a0nagy csoport) \u00a0Kisvakond csoport &#8211;\u00a020 f\u0151 (k\u00f6z\u00e9ps\u0151 &#8211;\u00a0nagy csoport) \u00a0Pillang\u00f3 csoport &#8211;\u00a017 f\u0151 (kis-k\u00f6z\u00e9ps\u0151 csoport) Hintapaci csoport &#8211;\u00a018 f\u0151 (mini-kiscsoport) Mazsola csoport 17 f\u0151 (nagycsoport) Kismack\u00f3 csoport 20 f\u0151 (kis-k\u00f6z\u00e9ps\u0151 csoport) Mad\u00e1rka csoport &#8211;\u00a021<\/p>\n","protected":false},"author":1,"featured_media":0,"parent":0,"menu_order":0,"comment_status":"closed","ping_status":"closed","template":"","meta":{"footnotes":""},"class_list":["post-90","page","type-page","status-publish","hentry"],"_links":{"self":[{"href":"https:\/\/aradiovi.hu\/index.php?rest_route=\/wp\/v2\/pages\/90","targetHints":{"allow":["GET"]}}],"collection":[{"href":"https:\/\/aradiovi.hu\/index.php?rest_route=\/wp\/v2\/pages"}],"about":[{"href":"https:\/\/aradiovi.hu\/index.php?rest_route=\/wp\/v2\/types\/page"}],"author":[{"embeddable":true,"href":"https:\/\/aradiovi.hu\/index.php?rest_route=\/wp\/v2\/users\/1"}],"replies":[{"embeddable":true,"href":"https:\/\/aradiovi.hu\/index.php?rest_route=%2Fwp%2Fv2%2Fcomments&post=90"}],"version-history":[{"count":45,"href":"https:\/\/aradiovi.hu\/index.php?rest_route=\/wp\/v2\/pages\/90\/revisions"}],"predecessor-version":[{"id":3002,"href":"https:\/\/aradiovi.hu\/index.php?rest_route=\/wp\/v2\/pages\/90\/revisions\/3002"}],"wp:attachment":[{"href":"https:\/\/aradiovi.hu\/index.php?rest_route=%2Fwp%2Fv2%2Fmedia&parent=90"}],"curies":[{"name":"wp","href":"https:\/\/api.w.org\/{rel}","templated":true}]}}